{"id":6438,"date":"2024-10-07T23:59:12","date_gmt":"2024-10-07T21:59:12","guid":{"rendered":"https:\/\/www.syamhope.com\/?post_type=product&#038;p=6438"},"modified":"2024-10-08T00:03:34","modified_gmt":"2024-10-07T22:03:34","slug":"exclusive-art-collection-morocco","status":"publish","type":"product","link":"https:\/\/www.syamhope.com\/en\/product\/exclusive-art-collection-morocco\/","title":{"rendered":"Divenire &#8211; Collezione D&#8217;arte On the Road formato Cartolina!"},"content":{"rendered":"<p>Ora puoi portare a casa la Collezione D&#8217;Arte &#8220;DEVENIR&#8221;<\/p>\n<p>Cos&#8217;\u00e8??<\/p>\n<p>&#8220;Devenir&#8221; \u00e8 una collezione di illustrazioni e fotografie di viaggio che ho realizzato in Marocco, \u00e8 stata esposta in diverse mostre artistiche e ora ti aspetta!<\/p>\n<p>Come Funziona?<br \/>\nPer te ho creato le Cartoline (Postcard) Edizione Limitata, con le opere del cuaderno di viaggio, questa \u00e8 la collezione intera e puoi portarla in viaggio con te!!<\/p>\n<p><!--more--><\/p>","protected":false},"excerpt":{"rendered":"<p>Ora puoi portare a casa la Collezione D&#8217;Arte &#8220;DEVENIR&#8221; Cos&#8217;\u00e8?? &#8220;Devenir&#8221; \u00e8 una collezione di illustrazioni e fotografie di viaggio [&hellip;]<\/p>","protected":false},"author":1,"featured_media":5289,"comment_status":"open","ping_status":"closed","template":"","meta":{"_acf_changed":false,"advgb_blocks_editor_width":"","advgb_blocks_columns_visual_guide":"","site-sidebar-layout":"default","site-content-layout":"","ast-site-content-layout":"default","site-content-style":"default","site-sidebar-style":"default","ast-global-header-display":"","ast-banner-title-visibility":"","ast-main-header-display":"","ast-hfb-above-header-display":"","ast-hfb-below-header-display":"","ast-hfb-mobile-header-display":"","site-post-title":"","ast-breadcrumbs-content":"","ast-featured-img":"","footer-sml-layout":"","theme-transparent-header-meta":"default","adv-header-id-meta":"","stick-header-meta":"","header-above-stick-meta":"","header-main-stick-meta":"","header-below-stick-meta":"","astra-migrate-meta-layouts":"set","ast-page-background-enabled":"default","ast-page-background-meta":{"desktop":{"background-color":"var(--ast-global-color-4)","background-image":"","background-repeat":"repeat","background-position":"center center","background-size":"auto","background-attachment":"scroll","background-type":"","background-media":"","overlay-type":"","overlay-color":"","overlay-gradient":""},"tablet":{"background-color":"","background-image":"","background-repeat":"repeat","background-position":"center center","background-size":"auto","background-attachment":"scroll","background-type":"","background-media":"","overlay-type":"","overlay-color":"","overlay-gradient":""},"mobile":{"background-color":"","background-image":"","background-repeat":"repeat","background-position":"center center","background-size":"auto","background-attachment":"scroll","background-type":"","background-media":"","overlay-type":"","overlay-color":"","overlay-gradient":""}},"ast-content-background-meta":{"desktop":{"background-color":"var(--ast-global-color-5)","background-image":"","background-repeat":"repeat","background-position":"center center","background-size":"auto","background-attachment":"scroll","background-type":"","background-media":"","overlay-type":"","overlay-color":"","overlay-gradient":""},"tablet":{"background-color":"var(--ast-global-color-5)","background-image":"","background-repeat":"repeat","background-position":"center center","background-size":"auto","background-attachment":"scroll","background-type":"","background-media":"","overlay-type":"","overlay-color":"","overlay-gradient":""},"mobile":{"background-color":"var(--ast-global-color-5)","background-image":"","background-repeat":"repeat","background-position":"center center","background-size":"auto","background-attachment":"scroll","background-type":"","background-media":"","overlay-type":"","overlay-color":"","overlay-gradient":""}}},"product_cat":[326,778,777,716],"product_tag":[781,782,780,783,784],"acf":[],"featured_image_urls":{"full":["https:\/\/www.syamhope.com\/wp-content\/uploads\/2024\/02\/postal-09-Morocco-On-The-Road-Syamhope.webp",1197,1194,false],"thumbnail":["https:\/\/www.syamhope.com\/wp-content\/uploads\/2024\/02\/postal-09-Morocco-On-The-Road-Syamhope-150x150.webp",150,150,true],"medium":["https:\/\/www.syamhope.com\/wp-content\/uploads\/2024\/02\/postal-09-Morocco-On-The-Road-Syamhope-300x300.webp",300,300,true],"medium_large":["https:\/\/www.syamhope.com\/wp-content\/uploads\/2024\/02\/postal-09-Morocco-On-The-Road-Syamhope-768x766.webp",768,766,true],"large":["https:\/\/www.syamhope.com\/wp-content\/uploads\/2024\/02\/postal-09-Morocco-On-The-Road-Syamhope-1024x1021.webp",1024,1021,true],"1536x1536":["https:\/\/www.syamhope.com\/wp-content\/uploads\/2024\/02\/postal-09-Morocco-On-The-Road-Syamhope.webp",1197,1194,false],"2048x2048":["https:\/\/www.syamhope.com\/wp-content\/uploads\/2024\/02\/postal-09-Morocco-On-The-Road-Syamhope.webp",1197,1194,false],"trp-custom-language-flag":["https:\/\/www.syamhope.com\/wp-content\/uploads\/2024\/02\/postal-09-Morocco-On-The-Road-Syamhope-12x12.webp",12,12,true],"ab-block-post-grid-landscape":["https:\/\/www.syamhope.com\/wp-content\/uploads\/2024\/02\/postal-09-Morocco-On-The-Road-Syamhope-600x400.webp",600,400,true],"ab-block-post-grid-square":["https:\/\/www.syamhope.com\/wp-content\/uploads\/2024\/02\/postal-09-Morocco-On-The-Road-Syamhope-600x600.webp",600,600,true],"woocommerce_thumbnail":["https:\/\/www.syamhope.com\/wp-content\/uploads\/2024\/02\/postal-09-Morocco-On-The-Road-Syamhope-300x300.webp",300,300,true],"woocommerce_single":["https:\/\/www.syamhope.com\/wp-content\/uploads\/2024\/02\/postal-09-Morocco-On-The-Road-Syamhope-600x598.webp",600,598,true],"woocommerce_gallery_thumbnail":["https:\/\/www.syamhope.com\/wp-content\/uploads\/2024\/02\/postal-09-Morocco-On-The-Road-Syamhope-100x100.webp",100,100,true]},"post_excerpt_stackable":"<p>Ora puoi portare a casa la Collezione D&#8217;Arte &#8220;DEVENIR&#8221; Cos&#8217;\u00e8?? &#8220;Devenir&#8221; \u00e8 una collezione di illustrazioni e fotografie di viaggio che ho realizzato in Marocco, \u00e8 stata esposta in diverse mostre artistiche e ora ti aspetta! Come Funziona? Per te ho creato le Cartoline (Postcard) Edizione Limitata, con le opere del cuaderno di viaggio, questa \u00e8 la collezione intera e puoi portarla in viaggio con te!!<\/p>\n","category_list":"","author_info":{"name":"Sofia Cande","url":"https:\/\/www.syamhope.com\/en\/author\/ix_admin\/"},"comments_num":"0 comments","featured_image_urls_v2":{"full":["https:\/\/www.syamhope.com\/wp-content\/uploads\/2024\/02\/postal-09-Morocco-On-The-Road-Syamhope.webp",1197,1194,false],"thumbnail":["https:\/\/www.syamhope.com\/wp-content\/uploads\/2024\/02\/postal-09-Morocco-On-The-Road-Syamhope-150x150.webp",150,150,true],"medium":["https:\/\/www.syamhope.com\/wp-content\/uploads\/2024\/02\/postal-09-Morocco-On-The-Road-Syamhope-300x300.webp",300,300,true],"medium_large":["https:\/\/www.syamhope.com\/wp-content\/uploads\/2024\/02\/postal-09-Morocco-On-The-Road-Syamhope-768x766.webp",768,766,true],"large":["https:\/\/www.syamhope.com\/wp-content\/uploads\/2024\/02\/postal-09-Morocco-On-The-Road-Syamhope-1024x1021.webp",1024,1021,true],"1536x1536":["https:\/\/www.syamhope.com\/wp-content\/uploads\/2024\/02\/postal-09-Morocco-On-The-Road-Syamhope.webp",1197,1194,false],"2048x2048":["https:\/\/www.syamhope.com\/wp-content\/uploads\/2024\/02\/postal-09-Morocco-On-The-Road-Syamhope.webp",1197,1194,false],"trp-custom-language-flag":["https:\/\/www.syamhope.com\/wp-content\/uploads\/2024\/02\/postal-09-Morocco-On-The-Road-Syamhope-12x12.webp",12,12,true],"ab-block-post-grid-landscape":["https:\/\/www.syamhope.com\/wp-content\/uploads\/2024\/02\/postal-09-Morocco-On-The-Road-Syamhope-600x400.webp",600,400,true],"ab-block-post-grid-square":["https:\/\/www.syamhope.com\/wp-content\/uploads\/2024\/02\/postal-09-Morocco-On-The-Road-Syamhope-600x600.webp",600,600,true],"woocommerce_thumbnail":["https:\/\/www.syamhope.com\/wp-content\/uploads\/2024\/02\/postal-09-Morocco-On-The-Road-Syamhope-300x300.webp",300,300,true],"woocommerce_single":["https:\/\/www.syamhope.com\/wp-content\/uploads\/2024\/02\/postal-09-Morocco-On-The-Road-Syamhope-600x598.webp",600,598,true],"woocommerce_gallery_thumbnail":["https:\/\/www.syamhope.com\/wp-content\/uploads\/2024\/02\/postal-09-Morocco-On-The-Road-Syamhope-100x100.webp",100,100,true]},"post_excerpt_stackable_v2":"<p>Ora puoi portare a casa la Collezione D&#8217;Arte &#8220;DEVENIR&#8221; Cos&#8217;\u00e8?? &#8220;Devenir&#8221; \u00e8 una collezione di illustrazioni e fotografie di viaggio che ho realizzato in Marocco, \u00e8 stata esposta in diverse mostre artistiche e ora ti aspetta! Come Funziona? Per te ho creato le Cartoline (Postcard) Edizione Limitata, con le opere del cuaderno di viaggio, questa \u00e8 la collezione intera e puoi portarla in viaggio con te!!<\/p>\n","category_list_v2":"","author_info_v2":{"name":"Sofia Cande","url":"https:\/\/www.syamhope.com\/en\/author\/ix_admin\/"},"comments_num_v2":"0 comments","featured_img":"https:\/\/www.syamhope.com\/wp-content\/uploads\/2024\/02\/postal-09-Morocco-On-The-Road-Syamhope.webp","coauthors":[],"author_meta":{"author_link":"https:\/\/www.syamhope.com\/en\/author\/ix_admin\/","display_name":"Sofia Cande"},"relative_dates":{"created":"Posted 2 years ago","modified":"Updated 2 years ago"},"absolute_dates":{"created":"Posted on 7 October 2024","modified":"Updated on 8 October 2024"},"absolute_dates_time":{"created":"Posted on 7 October 2024 23:59","modified":"Updated on 8 October 2024 00:03"},"featured_img_caption":"","tax_additional":{"product_type":{"linked":["<a href=\"https:\/\/www.syamhope.com\/en\/?taxonomy=product_type&#038;term=simple\" class=\"advgb-post-tax-term\">simple<\/a>"],"unlinked":["<span class=\"advgb-post-tax-term\">simple<\/span>"],"slug":"product_type","name":"Product type"},"product_visibility":{"linked":[],"unlinked":[],"slug":"product_visibility","name":"Product visibility"},"product_cat":{"linked":["<a href=\"https:\/\/www.syamhope.com\/en\/product-category\/adotta-arte\/\" class=\"advgb-post-tax-term\">Adotta una Creazione d&#039;Arte<\/a>","<a href=\"https:\/\/www.syamhope.com\/en\/product-category\/adotta-arte\/stampe-edizione-limitata\/on-the-road\/devenir-morocco\/\" class=\"advgb-post-tax-term\">Devenir - Morocco<\/a>","<a href=\"https:\/\/www.syamhope.com\/en\/product-category\/adotta-arte\/stampe-edizione-limitata\/on-the-road\/\" class=\"advgb-post-tax-term\">On The Road<\/a>","<a href=\"https:\/\/www.syamhope.com\/en\/product-category\/adotta-arte\/opere-originali\/\" class=\"advgb-post-tax-term\">Opere Originali<\/a>"],"unlinked":["<span class=\"advgb-post-tax-term\">Adotta una Creazione d&#039;Arte<\/span>","<span class=\"advgb-post-tax-term\">Devenir - Morocco<\/span>","<span class=\"advgb-post-tax-term\">On The Road<\/span>","<span class=\"advgb-post-tax-term\">Opere Originali<\/span>"],"slug":"product_cat","name":"Product categories"},"product_tag":{"linked":["<a href=\"https:\/\/www.syamhope.com\/en\/product-tag\/art-on-the-road\/\" class=\"advgb-post-tax-term\">art on the road<\/a>","<a href=\"https:\/\/www.syamhope.com\/en\/product-tag\/morocco\/\" class=\"advgb-post-tax-term\">morocco<\/a>","<a href=\"https:\/\/www.syamhope.com\/en\/product-tag\/postcard-art\/\" class=\"advgb-post-tax-term\">postcard art<\/a>","<a href=\"https:\/\/www.syamhope.com\/en\/product-tag\/travel-illustration\/\" class=\"advgb-post-tax-term\">travel illustration<\/a>","<a href=\"https:\/\/www.syamhope.com\/en\/product-tag\/travel-pohotgraphy\/\" class=\"advgb-post-tax-term\">travel pohotgraphy<\/a>"],"unlinked":["<span class=\"advgb-post-tax-term\">art on the road<\/span>","<span class=\"advgb-post-tax-term\">morocco<\/span>","<span class=\"advgb-post-tax-term\">postcard art<\/span>","<span class=\"advgb-post-tax-term\">travel illustration<\/span>","<span class=\"advgb-post-tax-term\">travel pohotgraphy<\/span>"],"slug":"product_tag","name":"Product tags"},"product_shipping_class":{"linked":[],"unlinked":[],"slug":"product_shipping_class","name":"Product shipping classes"},"fb_product_set":{"linked":[],"unlinked":[],"slug":"fb_product_set","name":"Facebook Product Sets"}},"series_order":"","_links":{"self":[{"href":"https:\/\/www.syamhope.com\/en\/wp-json\/wp\/v2\/product\/6438"}],"collection":[{"href":"https:\/\/www.syamhope.com\/en\/wp-json\/wp\/v2\/product"}],"about":[{"href":"https:\/\/www.syamhope.com\/en\/wp-json\/wp\/v2\/types\/product"}],"replies":[{"embeddable":true,"href":"https:\/\/www.syamhope.com\/en\/wp-json\/wp\/v2\/comments?post=6438"}],"wp:featuredmedia":[{"embeddable":true,"href":"https:\/\/www.syamhope.com\/en\/wp-json\/wp\/v2\/media\/5289"}],"wp:attachment":[{"href":"https:\/\/www.syamhope.com\/en\/wp-json\/wp\/v2\/media?parent=6438"}],"wp:term":[{"taxonomy":"product_cat","embeddable":true,"href":"https:\/\/www.syamhope.com\/en\/wp-json\/wp\/v2\/product_cat?post=6438"},{"taxonomy":"product_tag","embeddable":true,"href":"https:\/\/www.syamhope.com\/en\/wp-json\/wp\/v2\/product_tag?post=6438"}],"curies":[{"name":"wp","href":"https:\/\/api.w.org\/{rel}","templated":true}]}}