{"id":5725,"date":"2024-02-28T02:55:26","date_gmt":"2024-02-28T01:55:26","guid":{"rendered":"https:\/\/www.syamhope.com\/?post_type=product&#038;p=5725"},"modified":"2024-05-30T22:11:21","modified_gmt":"2024-05-30T20:11:21","slug":"personalizza-i-tuoi-gioielli","status":"publish","type":"product","link":"https:\/\/www.syamhope.com\/es\/producto\/personalizza-i-tuoi-gioielli\/","title":{"rendered":"Personalizza i tuoi Gioielli"},"content":{"rendered":"<p><span data-sheets-root=\"1\" data-sheets-value=\"{&quot;1&quot;:2,&quot;2&quot;:&quot;L'arte ha una forza incredibile: pu\u00f2 trasmettere molto e pu\u00f2 farlo senza bisogno di parole. Pu\u00f2 essere una decorazione o il fulcro dell'attenzione, ma sopratutto l'arte racconta storie, emozioni, a volte persino vite. Grazie all'arte possiamo viaggiare con uno sguardo, possiamo anche portare gli altri in viaggio con noi.&quot;}\" data-sheets-userformat=\"{&quot;2&quot;:769,&quot;3&quot;:{&quot;1&quot;:0},&quot;11&quot;:4,&quot;12&quot;:0}\">L&#8217;arte ha una forza incredibile: pu\u00f2 trasmettere molto e pu\u00f2 farlo senza bisogno di parole. Pu\u00f2 essere una decorazione o il fulcro dell&#8217;attenzione, ma soprattutto l&#8217;arte racconta storie, emozioni, a volte persino vite. Grazie all&#8217;arte possiamo viaggiare con uno sguardo, possiamo anche portare gli altri in viaggio con noi.<\/span><\/p>\n<p>Contattami per prenotare una prima chiamata di brainstorming!<\/p>","protected":false},"excerpt":{"rendered":"<p>Contattami per prenotare una prima chiamata di brainstorming!<\/p>","protected":false},"author":1,"featured_media":1804,"comment_status":"closed","ping_status":"closed","template":"","meta":{"_acf_changed":false,"advgb_blocks_editor_width":"","advgb_blocks_columns_visual_guide":"","site-sidebar-layout":"default","site-content-layout":"","ast-site-content-layout":"default","site-content-style":"default","site-sidebar-style":"default","ast-global-header-display":"","ast-banner-title-visibility":"","ast-main-header-display":"","ast-hfb-above-header-display":"","ast-hfb-below-header-display":"","ast-hfb-mobile-header-display":"","site-post-title":"","ast-breadcrumbs-content":"","ast-featured-img":"","footer-sml-layout":"","theme-transparent-header-meta":"default","adv-header-id-meta":"","stick-header-meta":"","header-above-stick-meta":"","header-main-stick-meta":"","header-below-stick-meta":"","astra-migrate-meta-layouts":"set","ast-page-background-enabled":"default","ast-page-background-meta":{"desktop":{"background-color":"var(--ast-global-color-4)","background-image":"","background-repeat":"repeat","background-position":"center center","background-size":"auto","background-attachment":"scroll","background-type":"","background-media":"","overlay-type":"","overlay-color":"","overlay-gradient":""},"tablet":{"background-color":"","background-image":"","background-repeat":"repeat","background-position":"center center","background-size":"auto","background-attachment":"scroll","background-type":"","background-media":"","overlay-type":"","overlay-color":"","overlay-gradient":""},"mobile":{"background-color":"","background-image":"","background-repeat":"repeat","background-position":"center center","background-size":"auto","background-attachment":"scroll","background-type":"","background-media":"","overlay-type":"","overlay-color":"","overlay-gradient":""}},"ast-content-background-meta":{"desktop":{"background-color":"var(--ast-global-color-5)","background-image":"","background-repeat":"repeat","background-position":"center center","background-size":"auto","background-attachment":"scroll","background-type":"","background-media":"","overlay-type":"","overlay-color":"","overlay-gradient":""},"tablet":{"background-color":"var(--ast-global-color-5)","background-image":"","background-repeat":"repeat","background-position":"center center","background-size":"auto","background-attachment":"scroll","background-type":"","background-media":"","overlay-type":"","overlay-color":"","overlay-gradient":""},"mobile":{"background-color":"var(--ast-global-color-5)","background-image":"","background-repeat":"repeat","background-position":"center center","background-size":"auto","background-attachment":"scroll","background-type":"","background-media":"","overlay-type":"","overlay-color":"","overlay-gradient":""}}},"product_cat":[711],"product_tag":[],"acf":[],"featured_image_urls":{"full":["https:\/\/www.syamhope.com\/wp-content\/uploads\/2020\/04\/syamhope-handmade-350.jpg",350,350,false],"thumbnail":["https:\/\/www.syamhope.com\/wp-content\/uploads\/2020\/04\/syamhope-handmade-350.jpg",150,150,false],"medium":["https:\/\/www.syamhope.com\/wp-content\/uploads\/2020\/04\/syamhope-handmade-350.jpg",300,300,false],"medium_large":["https:\/\/www.syamhope.com\/wp-content\/uploads\/2020\/04\/syamhope-handmade-350.jpg",350,350,false],"large":["https:\/\/www.syamhope.com\/wp-content\/uploads\/2020\/04\/syamhope-handmade-350.jpg",350,350,false],"1536x1536":["https:\/\/www.syamhope.com\/wp-content\/uploads\/2020\/04\/syamhope-handmade-350.jpg",350,350,false],"2048x2048":["https:\/\/www.syamhope.com\/wp-content\/uploads\/2020\/04\/syamhope-handmade-350.jpg",350,350,false],"trp-custom-language-flag":["https:\/\/www.syamhope.com\/wp-content\/uploads\/2020\/04\/syamhope-handmade-350.jpg",12,12,false],"ab-block-post-grid-landscape":["https:\/\/www.syamhope.com\/wp-content\/uploads\/2020\/04\/syamhope-handmade-350.jpg",350,350,false],"ab-block-post-grid-square":["https:\/\/www.syamhope.com\/wp-content\/uploads\/2020\/04\/syamhope-handmade-350.jpg",350,350,false],"woocommerce_thumbnail":["https:\/\/www.syamhope.com\/wp-content\/uploads\/2020\/04\/syamhope-handmade-350-300x300.jpg",300,300,true],"woocommerce_single":["https:\/\/www.syamhope.com\/wp-content\/uploads\/2020\/04\/syamhope-handmade-350.jpg",350,350,false],"woocommerce_gallery_thumbnail":["https:\/\/www.syamhope.com\/wp-content\/uploads\/2020\/04\/syamhope-handmade-350-100x100.jpg",100,100,true]},"post_excerpt_stackable":"<p>Contattami per prenotare una prima chiamata di brainstorming!<\/p>\n","category_list":"","author_info":{"name":"Sofia Cande","url":"https:\/\/www.syamhope.com\/es\/author\/ix_admin\/"},"comments_num":"0 comentarios","featured_image_urls_v2":{"full":["https:\/\/www.syamhope.com\/wp-content\/uploads\/2020\/04\/syamhope-handmade-350.jpg",350,350,false],"thumbnail":["https:\/\/www.syamhope.com\/wp-content\/uploads\/2020\/04\/syamhope-handmade-350.jpg",150,150,false],"medium":["https:\/\/www.syamhope.com\/wp-content\/uploads\/2020\/04\/syamhope-handmade-350.jpg",300,300,false],"medium_large":["https:\/\/www.syamhope.com\/wp-content\/uploads\/2020\/04\/syamhope-handmade-350.jpg",350,350,false],"large":["https:\/\/www.syamhope.com\/wp-content\/uploads\/2020\/04\/syamhope-handmade-350.jpg",350,350,false],"1536x1536":["https:\/\/www.syamhope.com\/wp-content\/uploads\/2020\/04\/syamhope-handmade-350.jpg",350,350,false],"2048x2048":["https:\/\/www.syamhope.com\/wp-content\/uploads\/2020\/04\/syamhope-handmade-350.jpg",350,350,false],"trp-custom-language-flag":["https:\/\/www.syamhope.com\/wp-content\/uploads\/2020\/04\/syamhope-handmade-350.jpg",12,12,false],"ab-block-post-grid-landscape":["https:\/\/www.syamhope.com\/wp-content\/uploads\/2020\/04\/syamhope-handmade-350.jpg",350,350,false],"ab-block-post-grid-square":["https:\/\/www.syamhope.com\/wp-content\/uploads\/2020\/04\/syamhope-handmade-350.jpg",350,350,false],"woocommerce_thumbnail":["https:\/\/www.syamhope.com\/wp-content\/uploads\/2020\/04\/syamhope-handmade-350-300x300.jpg",300,300,true],"woocommerce_single":["https:\/\/www.syamhope.com\/wp-content\/uploads\/2020\/04\/syamhope-handmade-350.jpg",350,350,false],"woocommerce_gallery_thumbnail":["https:\/\/www.syamhope.com\/wp-content\/uploads\/2020\/04\/syamhope-handmade-350-100x100.jpg",100,100,true]},"post_excerpt_stackable_v2":"<p>Contattami per prenotare una prima chiamata di brainstorming!<\/p>\n","category_list_v2":"","author_info_v2":{"name":"Sofia Cande","url":"https:\/\/www.syamhope.com\/es\/author\/ix_admin\/"},"comments_num_v2":"0 comentarios","featured_img":"https:\/\/www.syamhope.com\/wp-content\/uploads\/2020\/04\/syamhope-handmade-350.jpg","coauthors":[],"author_meta":{"author_link":"https:\/\/www.syamhope.com\/es\/author\/ix_admin\/","display_name":"Sofia Cande"},"relative_dates":{"created":"Publicado 2 a\u00f1os hace","modified":"Actualizado 2 a\u00f1os hace"},"absolute_dates":{"created":"Publicado el 28 febrero 2024","modified":"Actualizado el 30 mayo 2024"},"absolute_dates_time":{"created":"Publicado el 28 febrero 2024 02:55","modified":"Actualizado el 30 mayo 2024 22:11"},"featured_img_caption":"","tax_additional":{"product_type":{"linked":["<a href=\"https:\/\/www.syamhope.com\/es\/?taxonomy=product_type&#038;term=simple\" class=\"advgb-post-tax-term\">simple<\/a>"],"unlinked":["<span class=\"advgb-post-tax-term\">simple<\/span>"],"slug":"product_type","name":"Tipo de producto"},"product_visibility":{"linked":[],"unlinked":[],"slug":"product_visibility","name":"Visibilidad del producto"},"product_cat":{"linked":["<a href=\"https:\/\/www.syamhope.com\/es\/categoria-producto\/personalizzazione-opere\/\" class=\"advgb-post-tax-term\">Crea &amp; Personalizza La Tua Arte<\/a>"],"unlinked":["<span class=\"advgb-post-tax-term\">Crea &amp; Personalizza La Tua Arte<\/span>"],"slug":"product_cat","name":"Categor\u00edas del producto"},"product_tag":{"linked":[],"unlinked":[],"slug":"product_tag","name":"Etiquetas del producto"},"product_shipping_class":{"linked":[],"unlinked":[],"slug":"product_shipping_class","name":"Clases de env\u00edo del producto"},"fb_product_set":{"linked":[],"unlinked":[],"slug":"fb_product_set","name":"Conjuntos de productos de Facebook"}},"series_order":"","_links":{"self":[{"href":"https:\/\/www.syamhope.com\/es\/wp-json\/wp\/v2\/product\/5725"}],"collection":[{"href":"https:\/\/www.syamhope.com\/es\/wp-json\/wp\/v2\/product"}],"about":[{"href":"https:\/\/www.syamhope.com\/es\/wp-json\/wp\/v2\/types\/product"}],"replies":[{"embeddable":true,"href":"https:\/\/www.syamhope.com\/es\/wp-json\/wp\/v2\/comments?post=5725"}],"wp:featuredmedia":[{"embeddable":true,"href":"https:\/\/www.syamhope.com\/es\/wp-json\/wp\/v2\/media\/1804"}],"wp:attachment":[{"href":"https:\/\/www.syamhope.com\/es\/wp-json\/wp\/v2\/media?parent=5725"}],"wp:term":[{"taxonomy":"product_cat","embeddable":true,"href":"https:\/\/www.syamhope.com\/es\/wp-json\/wp\/v2\/product_cat?post=5725"},{"taxonomy":"product_tag","embeddable":true,"href":"https:\/\/www.syamhope.com\/es\/wp-json\/wp\/v2\/product_tag?post=5725"}],"curies":[{"name":"wp","href":"https:\/\/api.w.org\/{rel}","templated":true}]}}