{"id":5733,"date":"2024-02-28T03:39:42","date_gmt":"2024-02-28T02:39:42","guid":{"rendered":"https:\/\/www.syamhope.com\/?post_type=product&#038;p=5733"},"modified":"2024-06-16T09:16:02","modified_gmt":"2024-06-16T07:16:02","slug":"see-you-in-downtown-comic-e-book","status":"publish","type":"product","link":"https:\/\/www.syamhope.com\/es\/producto\/see-you-in-downtown-comic-e-book\/","title":{"rendered":"Fumetto See You In DownTown &#8211; Prima Edizione E-Book"},"content":{"rendered":"<p><span style=\"font-weight: 400;\">Saludos a todos vosotros queridos lectores, junto con John Pengo y Sofia Syamhope tenemos el placer de presentaros nuestro c\u00f3mic original italiano: \"See You In DownTown\".\" <\/span><\/p>\n<p><span style=\"font-weight: 400;\">El cuento se situa en una metropolis futurista donde la muchedumbre est\u00e1 sedada por la basura digital, un mundo donde prostituci\u00f3n, desigualdad, entre otras, incluso una peque\u00f1a apocalipse zombie, son la normalidad. Una sociedad que en realidad no se aleja mucho de la nuestra, una sociedad donde vivimos y sentimos - de alguna forma con malinconia - el incurable pasar del tiempo. Escribiendo de hecho, he llegado a preguntarme justamente eso: con el pasar del tiempo y el desarrollo indetenible de la sociedad, <strong>\u00bfAntes o temprano, no llegaremos todos a sentiremos afuera de nuestro tiempo?<\/strong>?<\/span><\/p>\n<p class=\" translation-block\"><span style=\"font-weight: 400\">Esta no es nada m\u00e1s que la historia de Frank, nuestro protagonista: un detective privado con el estilo de las novelas t\u00edpicas<strong>noir<\/strong>; es la historia de un hombre normal, fuera de lugar, que busca entre una desventura c\u00f3mica y la otra, sobrevivir con su trabajo.<\/span><\/p>\n<p><span style=\"font-weight: 400;\">El c\u00f3mic se desarrolla como una serie de \u00e9pisodios para un p\u00fablico adulto y Young adult... \u00a1Este es solo el principio!<\/span><\/p>\n<p class=\" translation-block\"><span style=\"font-weight: 400\">Y ahora\u2026 <strong>Buena Lectura<\/strong>!\u00a0<\/span><\/p>\n<p>Aqu\u00ed tienes una vista previa del c\u00f3mic digital, \u00a1Seguro te encantar\u00e1 echarle un vistazo!<\/p>\n<div class=\"_3d-flip-book  fb3d-fullscreen-mode full-size\" data-id=\"6019\" data-mode=\"fullscreen\" data-title=\"false\" data-template=\"short-white-book-view\" data-lightbox=\"dark-shadow\" data-urlparam=\"fb3d-page\" data-page-n=\"0\" data-pdf=\"\" data-tax=\"null\" data-thumbnail=\"\" data-cols=\"3\" data-book-template=\"default\"><\/div><script type=\"text\/javascript\">window.FB3D_CLIENT_DATA = window.FB3D_CLIENT_DATA || [];window.FB3D_CLIENT_DATA.push('eyJwb3N0cyI6eyI2MDE5Ijp7IklEIjo2MDE5LCJ0aXRsZSI6IlNlZSBZb3UgSW4gRG93biBUb3duIFByZXZpZXciLCJ0eXBlIjoicGRmIiwicmVhZHlfZnVuY3Rpb24iOiIiLCJib29rX3N0eWxlIjoidm9sdW1lLXBhZGRpbmdzIiwiYm9va190ZW1wbGF0ZSI6Im5vbmUiLCJvdXRsaW5lIjpbXSwiZGF0YSI6eyJwb3N0X0lEIjoiNjAyMiIsImd1aWQiOiJodHRwczpcL1wvd3d3LnN5YW1ob3BlLmNvbVwvd3AtY29udGVudFwvdXBsb2Fkc1wvMjAyNFwvMDJcL1MwMUUwMS1FMDItRTAzLUpvaG4tUGVuZ28tU3lhbWhvcGUtSVNCTi1lLWJvb2stcHJldmlldy5wZGYiLCJwZGZfcGFnZXMiOiIxMyIsInBhZ2VzX2N1c3RvbWl6YXRpb24iOiJhbGwifSwidGh1bWJuYWlsIjp7ImRhdGEiOnsicG9zdF9JRCI6IjAifSwidHlwZSI6ImF1dG8ifSwicHJvcHMiOnsiYmFja2dyb3VuZENvbG9yIjoiMTY3NzcyMTUiLCJiYWNrZ3JvdW5kSW1hZ2UiOiJhdXRvIiwiYmFja2dyb3VuZFN0eWxlIjoiYXV0byIsImhpZ2hsaWdodExpbmtzIjoiYXV0byIsImxpZ2h0aW5nIjoiYXV0byIsImNhY2hlZFBhZ2VzIjoiYXV0byIsInJlbmRlckluYWN0aXZlUGFnZXMiOiJhdXRvIiwicmVuZGVySW5hY3RpdmVQYWdlc09uTW9iaWxlIjoiYXV0byIsInJlbmRlcldoaWxlRmxpcHBpbmciOiJhdXRvIiwicHJlbG9hZFBhZ2VzIjoiYXV0byIsImF1dG9QbGF5RHVyYXRpb24iOiJhdXRvIiwicnRsIjoiYXV0byIsImludGVyYWN0aXZlQ29ybmVycyI6ImF1dG8iLCJtYXhEZXB0aCI6ImF1dG8iLCJzaGVldCI6eyJzdGFydFZlbG9jaXR5IjoiYXV0byIsIndhdmUiOiJhdXRvIiwic2hhcGUiOiJhdXRvIiwid2lkdGhUZXhlbHMiOiJhdXRvIiwiY29sb3IiOiJhdXRvIiwic2lkZSI6ImF1dG8iLCJjb3JuZXJEZXZpYXRpb24iOiJhdXRvIiwiZmxleGliaWxpdHkiOiJhdXRvIiwiZmxleGlibGVDb3JuZXIiOiJhdXRvIiwiYmVuZGluZyI6ImF1dG8iLCJoZWlnaHRUZXhlbHMiOiJhdXRvIn0sImNvdmVyIjp7IndhdmUiOiJhdXRvIiwiY29sb3IiOiJhdXRvIiwic2lkZSI6ImF1dG8iLCJiaW5kZXJUZXh0dXJlIjoiYXV0byIsImRlcHRoIjoiYXV0byIsInBhZGRpbmciOiJhdXRvIiwic3RhcnRWZWxvY2l0eSI6ImF1dG8iLCJmbGV4aWJpbGl0eSI6ImF1dG8iLCJmbGV4aWJsZUNvcm5lciI6ImF1dG8iLCJiZW5kaW5nIjoiYXV0byIsIndpZHRoVGV4ZWxzIjoiYXV0byIsImhlaWdodFRleGVscyI6ImF1dG8iLCJtYXNzIjoiYXV0byIsInNoYXBlIjoiYXV0byJ9LCJwYWdlIjp7IndhdmUiOiJhdXRvIiwiY29sb3IiOiIxNjc3NzIxNSIsInNpZGUiOiJhdXRvIiwiZGVwdGgiOiJhdXRvIiwic3RhcnRWZWxvY2l0eSI6ImF1dG8iLCJmbGV4aWJpbGl0eSI6ImF1dG8iLCJmbGV4aWJsZUNvcm5lciI6ImF1dG8iLCJiZW5kaW5nIjoiYXV0byIsIndpZHRoVGV4ZWxzIjoiYXV0byIsImhlaWdodFRleGVscyI6ImF1dG8iLCJtYXNzIjoiYXV0byIsInNoYXBlIjoiYXV0byJ9LCJoZWlnaHQiOiJhdXRvIiwid2lkdGgiOiJhdXRvIiwiZ3Jhdml0eSI6ImF1dG8iLCJwYWdlc0ZvclByZWRpY3RpbmciOiJhdXRvIn0sImNvbnRyb2xQcm9wcyI6eyJhY3Rpb25zIjp7ImNtZFRvYyI6eyJlbmFibGVkIjoiYXV0byIsImVuYWJsZWRJbk5hcnJvdyI6ImF1dG8iLCJhY3RpdmUiOiJhdXRvIiwiZGVmYXVsdFRhYiI6ImF1dG8ifSwiY21kQXV0b1BsYXkiOnsiZW5hYmxlZCI6ImF1dG8iLCJlbmFibGVkSW5OYXJyb3ciOiJhdXRvIiwiYWN0aXZlIjoiYXV0byJ9LCJjbWRTYXZlIjp7ImVuYWJsZWQiOiIwIiwiZW5hYmxlZEluTmFycm93IjoiMCJ9LCJjbWRQcmludCI6eyJlbmFibGVkIjoiMCIsImVuYWJsZWRJbk5hcnJvdyI6IjAifSwiY21kU2luZ2xlUGFnZSI6eyJlbmFibGVkIjoiYXV0byIsImVuYWJsZWRJbk5hcnJvdyI6ImF1dG8iLCJhY3RpdmUiOiJhdXRvIiwiYWN0aXZlRm9yTW9iaWxlIjoiYXV0byJ9LCJ3aWRUb29sYmFyIjp7ImVuYWJsZWQiOiIxIiwiZW5hYmxlZEluTmFycm93IjoiYXV0byJ9fX0sImF1dG9UaHVtYm5haWwiOiJodHRwczpcL1wvd3d3LnN5YW1ob3BlLmNvbVwvd3AtY29udGVudFwvdXBsb2Fkc1wvM2QtZmxpcC1ib29rXC9hdXRvLXRodW1ibmFpbHNcLzYwMTkucG5nIiwicG9zdF9uYW1lIjoic2VlLXlvdS1pbi1kb3duLXRvd24tZWJvb2stcHJldmlldyIsInBvc3RfdHlwZSI6IjNkLWZsaXAtYm9vayJ9fSwicGFnZXMiOnsiNjAxOSI6W3sicGFnZV9JRCI6IjEiLCJwYWdlX3Bvc3RfSUQiOiI2MDE5IiwicGFnZV90aXRsZSI6IiIsInBhZ2Vfc291cmNlX3R5cGUiOiJwZGYiLCJwYWdlX3NvdXJjZV9kYXRhIjp7Im51bWJlciI6IjAiLCJpbnRlcmFjdGl2ZSI6IjAifSwicGFnZV90aHVtYm5haWxfdHlwZSI6ImF1dG8iLCJwYWdlX3RodW1ibmFpbF9kYXRhIjp7InBvc3RfSUQiOiIwIn0sInBhZ2VfbWV0YV9kYXRhIjp7ImNzc19sYXllciI6eyJjc3MiOiIiLCJodG1sIjoiIiwianMiOiIifX0sInBhZ2VfbnVtYmVyIjoiMCJ9LHsicGFnZV9JRCI6IjIiLCJwYWdlX3Bvc3RfSUQiOiI2MDE5IiwicGFnZV90aXRsZSI6IiIsInBhZ2Vfc291cmNlX3R5cGUiOiJwZGYiLCJwYWdlX3NvdXJjZV9kYXRhIjp7Im51bWJlciI6IjEiLCJpbnRlcmFjdGl2ZSI6IjAifSwicGFnZV90aHVtYm5haWxfdHlwZSI6ImF1dG8iLCJwYWdlX3RodW1ibmFpbF9kYXRhIjp7InBvc3RfSUQiOiIwIn0sInBhZ2VfbWV0YV9kYXRhIjp7ImNzc19sYXllciI6eyJjc3MiOiIiLCJodG1sIjoiIiwianMiOiIifX0sInBhZ2VfbnVtYmVyIjoiMSJ9LHsicGFnZV9JRCI6IjMiLCJwYWdlX3Bvc3RfSUQiOiI2MDE5IiwicGFnZV90aXRsZSI6IiIsInBhZ2Vfc291cmNlX3R5cGUiOiJwZGYiLCJwYWdlX3NvdXJjZV9kYXRhIjp7Im51bWJlciI6IjIiLCJpbnRlcmFjdGl2ZSI6IjAifSwicGFnZV90aHVtYm5haWxfdHlwZSI6ImF1dG8iLCJwYWdlX3RodW1ibmFpbF9kYXRhIjp7InBvc3RfSUQiOiIwIn0sInBhZ2VfbWV0YV9kYXRhIjp7ImNzc19sYXllciI6eyJjc3MiOiIiLCJodG1sIjoiIiwianMiOiIifX0sInBhZ2VfbnVtYmVyIjoiMiJ9LHsicGFnZV9JRCI6IjQiLCJwYWdlX3Bvc3RfSUQiOiI2MDE5IiwicGFnZV90aXRsZSI6IiIsInBhZ2Vfc291cmNlX3R5cGUiOiJwZGYiLCJwYWdlX3NvdXJjZV9kYXRhIjp7Im51bWJlciI6IjMiLCJpbnRlcmFjdGl2ZSI6IjAifSwicGFnZV90aHVtYm5haWxfdHlwZSI6ImF1dG8iLCJwYWdlX3RodW1ibmFpbF9kYXRhIjp7InBvc3RfSUQiOiIwIn0sInBhZ2VfbWV0YV9kYXRhIjp7ImNzc19sYXllciI6eyJjc3MiOiIiLCJodG1sIjoiIiwianMiOiIifX0sInBhZ2VfbnVtYmVyIjoiMyJ9LHsicGFnZV9JRCI6IjUiLCJwYWdlX3Bvc3RfSUQiOiI2MDE5IiwicGFnZV90aXRsZSI6IiIsInBhZ2Vfc291cmNlX3R5cGUiOiJwZGYiLCJwYWdlX3NvdXJjZV9kYXRhIjp7Im51bWJlciI6IjQiLCJpbnRlcmFjdGl2ZSI6IjAifSwicGFnZV90aHVtYm5haWxfdHlwZSI6ImF1dG8iLCJwYWdlX3RodW1ibmFpbF9kYXRhIjp7InBvc3RfSUQiOiIwIn0sInBhZ2VfbWV0YV9kYXRhIjp7ImNzc19sYXllciI6eyJjc3MiOiIiLCJodG1sIjoiIiwianMiOiIifX0sInBhZ2VfbnVtYmVyIjoiNCJ9LHsicGFnZV9JRCI6IjYiLCJwYWdlX3Bvc3RfSUQiOiI2MDE5IiwicGFnZV90aXRsZSI6IiIsInBhZ2Vfc291cmNlX3R5cGUiOiJwZGYiLCJwYWdlX3NvdXJjZV9kYXRhIjp7Im51bWJlciI6IjUiLCJpbnRlcmFjdGl2ZSI6IjAifSwicGFnZV90aHVtYm5haWxfdHlwZSI6ImF1dG8iLCJwYWdlX3RodW1ibmFpbF9kYXRhIjp7InBvc3RfSUQiOiIwIn0sInBhZ2VfbWV0YV9kYXRhIjp7ImNzc19sYXllciI6eyJjc3MiOiIiLCJodG1sIjoiIiwianMiOiIifX0sInBhZ2VfbnVtYmVyIjoiNSJ9LHsicGFnZV9JRCI6IjciLCJwYWdlX3Bvc3RfSUQiOiI2MDE5IiwicGFnZV90aXRsZSI6IiIsInBhZ2Vfc291cmNlX3R5cGUiOiJwZGYiLCJwYWdlX3NvdXJjZV9kYXRhIjp7Im51bWJlciI6IjYiLCJpbnRlcmFjdGl2ZSI6IjAifSwicGFnZV90aHVtYm5haWxfdHlwZSI6ImF1dG8iLCJwYWdlX3RodW1ibmFpbF9kYXRhIjp7InBvc3RfSUQiOiIwIn0sInBhZ2VfbWV0YV9kYXRhIjp7ImNzc19sYXllciI6eyJjc3MiOiIiLCJodG1sIjoiIiwianMiOiIifX0sInBhZ2VfbnVtYmVyIjoiNiJ9LHsicGFnZV9JRCI6IjgiLCJwYWdlX3Bvc3RfSUQiOiI2MDE5IiwicGFnZV90aXRsZSI6IiIsInBhZ2Vfc291cmNlX3R5cGUiOiJwZGYiLCJwYWdlX3NvdXJjZV9kYXRhIjp7Im51bWJlciI6IjciLCJpbnRlcmFjdGl2ZSI6IjAifSwicGFnZV90aHVtYm5haWxfdHlwZSI6ImF1dG8iLCJwYWdlX3RodW1ibmFpbF9kYXRhIjp7InBvc3RfSUQiOiIwIn0sInBhZ2VfbWV0YV9kYXRhIjp7ImNzc19sYXllciI6eyJjc3MiOiIiLCJodG1sIjoiIiwianMiOiIifX0sInBhZ2VfbnVtYmVyIjoiNyJ9LHsicGFnZV9JRCI6IjkiLCJwYWdlX3Bvc3RfSUQiOiI2MDE5IiwicGFnZV90aXRsZSI6IiIsInBhZ2Vfc291cmNlX3R5cGUiOiJwZGYiLCJwYWdlX3NvdXJjZV9kYXRhIjp7Im51bWJlciI6IjgiLCJpbnRlcmFjdGl2ZSI6IjAifSwicGFnZV90aHVtYm5haWxfdHlwZSI6ImF1dG8iLCJwYWdlX3RodW1ibmFpbF9kYXRhIjp7InBvc3RfSUQiOiIwIn0sInBhZ2VfbWV0YV9kYXRhIjp7ImNzc19sYXllciI6eyJjc3MiOiIiLCJodG1sIjoiIiwianMiOiIifX0sInBhZ2VfbnVtYmVyIjoiOCJ9LHsicGFnZV9JRCI6IjEwIiwicGFnZV9wb3N0X0lEIjoiNjAxOSIsInBhZ2VfdGl0bGUiOiIiLCJwYWdlX3NvdXJjZV90eXBlIjoicGRmIiwicGFnZV9zb3VyY2VfZGF0YSI6eyJudW1iZXIiOiI5IiwiaW50ZXJhY3RpdmUiOiIwIn0sInBhZ2VfdGh1bWJuYWlsX3R5cGUiOiJhdXRvIiwicGFnZV90aHVtYm5haWxfZGF0YSI6eyJwb3N0X0lEIjoiMCJ9LCJwYWdlX21ldGFfZGF0YSI6eyJjc3NfbGF5ZXIiOnsiY3NzIjoiIiwiaHRtbCI6IiIsImpzIjoiIn19LCJwYWdlX251bWJlciI6IjkifSx7InBhZ2VfSUQiOiIxMSIsInBhZ2VfcG9zdF9JRCI6IjYwMTkiLCJwYWdlX3RpdGxlIjoiIiwicGFnZV9zb3VyY2VfdHlwZSI6InBkZiIsInBhZ2Vfc291cmNlX2RhdGEiOnsibnVtYmVyIjoiMTAiLCJpbnRlcmFjdGl2ZSI6IjAifSwicGFnZV90aHVtYm5haWxfdHlwZSI6ImF1dG8iLCJwYWdlX3RodW1ibmFpbF9kYXRhIjp7InBvc3RfSUQiOiIwIn0sInBhZ2VfbWV0YV9kYXRhIjp7ImNzc19sYXllciI6eyJjc3MiOiIiLCJodG1sIjoiIiwianMiOiIifX0sInBhZ2VfbnVtYmVyIjoiMTAifSx7InBhZ2VfSUQiOiIxMiIsInBhZ2VfcG9zdF9JRCI6IjYwMTkiLCJwYWdlX3RpdGxlIjoiIiwicGFnZV9zb3VyY2VfdHlwZSI6InBkZiIsInBhZ2Vfc291cmNlX2RhdGEiOnsibnVtYmVyIjoiMTEiLCJpbnRlcmFjdGl2ZSI6IjAifSwicGFnZV90aHVtYm5haWxfdHlwZSI6ImF1dG8iLCJwYWdlX3RodW1ibmFpbF9kYXRhIjp7InBvc3RfSUQiOiIwIn0sInBhZ2VfbWV0YV9kYXRhIjp7ImNzc19sYXllciI6eyJjc3MiOiIiLCJodG1sIjoiIiwianMiOiIifX0sInBhZ2VfbnVtYmVyIjoiMTEifSx7InBhZ2VfSUQiOiIxMyIsInBhZ2VfcG9zdF9JRCI6IjYwMTkiLCJwYWdlX3RpdGxlIjoiIiwicGFnZV9zb3VyY2VfdHlwZSI6InBkZiIsInBhZ2Vfc291cmNlX2RhdGEiOnsibnVtYmVyIjoiMTIiLCJpbnRlcmFjdGl2ZSI6IjAifSwicGFnZV90aHVtYm5haWxfdHlwZSI6ImF1dG8iLCJwYWdlX3RodW1ibmFpbF9kYXRhIjp7InBvc3RfSUQiOiIwIn0sInBhZ2VfbWV0YV9kYXRhIjp7ImNzc19sYXllciI6eyJjc3MiOiIiLCJodG1sIjoiIiwianMiOiIifX0sInBhZ2VfbnVtYmVyIjoiMTIifV19LCJmaXJzdFBhZ2VzIjpbXX0=');window.FB3D_CLIENT_LOCALE && window.FB3D_CLIENT_LOCALE.render();<\/script>\n<p>&nbsp;<\/p>\n<p class=\" translation-block\">\u00bfQu\u00e9 te parece? La primera edici\u00f3n incluye los primeros tres episodios <strong> originales e dibujados a mano<\/strong>!<\/p>\n<p>A\u00f1ade tu c\u00f3mic al carrtiro, una vez confirmado el pedido podr\u00e1s acceder al archivo del c\u00f3mic \u00a1Listo para leer!<\/p>\n<p>Adem\u00e1s... Si te quedas con curiosidad no dudes en dejarnos un comentario o escribirnos, mientras tanto \u00a1Disfruta de la lectura!<\/p>\n<p>&nbsp;<\/p>","protected":false},"excerpt":{"rendered":"<p>Un saluto a tutti voi cari lettori, insieme a John Pengo e Sofia Syamhope vorremmo proporvi il nostro fumetto: \u201cSee [&hellip;]<\/p>","protected":false},"author":1,"featured_media":6012,"comment_status":"closed","ping_status":"closed","template":"","meta":{"_acf_changed":false,"advgb_blocks_editor_width":"","advgb_blocks_columns_visual_guide":"","site-sidebar-layout":"default","site-content-layout":"","ast-site-content-layout":"default","site-content-style":"default","site-sidebar-style":"default","ast-global-header-display":"","ast-banner-title-visibility":"","ast-main-header-display":"","ast-hfb-above-header-display":"","ast-hfb-below-header-display":"","ast-hfb-mobile-header-display":"","site-post-title":"","ast-breadcrumbs-content":"","ast-featured-img":"","footer-sml-layout":"","theme-transparent-header-meta":"default","adv-header-id-meta":"","stick-header-meta":"","header-above-stick-meta":"","header-main-stick-meta":"","header-below-stick-meta":"","astra-migrate-meta-layouts":"set","ast-page-background-enabled":"default","ast-page-background-meta":{"desktop":{"background-color":"var(--ast-global-color-4)","background-image":"","background-repeat":"repeat","background-position":"center center","background-size":"auto","background-attachment":"scroll","background-type":"","background-media":"","overlay-type":"","overlay-color":"","overlay-gradient":""},"tablet":{"background-color":"","background-image":"","background-repeat":"repeat","background-position":"center center","background-size":"auto","background-attachment":"scroll","background-type":"","background-media":"","overlay-type":"","overlay-color":"","overlay-gradient":""},"mobile":{"background-color":"","background-image":"","background-repeat":"repeat","background-position":"center center","background-size":"auto","background-attachment":"scroll","background-type":"","background-media":"","overlay-type":"","overlay-color":"","overlay-gradient":""}},"ast-content-background-meta":{"desktop":{"background-color":"var(--ast-global-color-5)","background-image":"","background-repeat":"repeat","background-position":"center center","background-size":"auto","background-attachment":"scroll","background-type":"","background-media":"","overlay-type":"","overlay-color":"","overlay-gradient":""},"tablet":{"background-color":"var(--ast-global-color-5)","background-image":"","background-repeat":"repeat","background-position":"center center","background-size":"auto","background-attachment":"scroll","background-type":"","background-media":"","overlay-type":"","overlay-color":"","overlay-gradient":""},"mobile":{"background-color":"var(--ast-global-color-5)","background-image":"","background-repeat":"repeat","background-position":"center center","background-size":"auto","background-attachment":"scroll","background-type":"","background-media":"","overlay-type":"","overlay-color":"","overlay-gradient":""}}},"product_cat":[732],"product_tag":[729,731,733,728,730,769],"acf":[],"featured_image_urls":{"full":["https:\/\/www.syamhope.com\/wp-content\/uploads\/2024\/02\/S01-cover-see-you-e-book.webp",594,846,false],"thumbnail":["https:\/\/www.syamhope.com\/wp-content\/uploads\/2024\/02\/S01-cover-see-you-e-book-150x150.webp",150,150,true],"medium":["https:\/\/www.syamhope.com\/wp-content\/uploads\/2024\/02\/S01-cover-see-you-e-book-211x300.webp",211,300,true],"medium_large":["https:\/\/www.syamhope.com\/wp-content\/uploads\/2024\/02\/S01-cover-see-you-e-book.webp",594,846,false],"large":["https:\/\/www.syamhope.com\/wp-content\/uploads\/2024\/02\/S01-cover-see-you-e-book.webp",594,846,false],"1536x1536":["https:\/\/www.syamhope.com\/wp-content\/uploads\/2024\/02\/S01-cover-see-you-e-book.webp",594,846,false],"2048x2048":["https:\/\/www.syamhope.com\/wp-content\/uploads\/2024\/02\/S01-cover-see-you-e-book.webp",594,846,false],"trp-custom-language-flag":["https:\/\/www.syamhope.com\/wp-content\/uploads\/2024\/02\/S01-cover-see-you-e-book-8x12.webp",8,12,true],"ab-block-post-grid-landscape":["https:\/\/www.syamhope.com\/wp-content\/uploads\/2024\/02\/S01-cover-see-you-e-book-594x400.webp",594,400,true],"ab-block-post-grid-square":["https:\/\/www.syamhope.com\/wp-content\/uploads\/2024\/02\/S01-cover-see-you-e-book-594x600.webp",594,600,true],"woocommerce_thumbnail":["https:\/\/www.syamhope.com\/wp-content\/uploads\/2024\/02\/S01-cover-see-you-e-book-300x300.webp",300,300,true],"woocommerce_single":["https:\/\/www.syamhope.com\/wp-content\/uploads\/2024\/02\/S01-cover-see-you-e-book.webp",594,846,false],"woocommerce_gallery_thumbnail":["https:\/\/www.syamhope.com\/wp-content\/uploads\/2024\/02\/S01-cover-see-you-e-book-100x100.webp",100,100,true]},"post_excerpt_stackable":"<p>Un saluto a tutti voi cari lettori, insieme a John Pengo e Sofia Syamhope vorremmo proporvi il nostro fumetto: \u201cSee you in DownTown\u201d. La storia \u00e8 ambientata in una metropoli futurista dove la folla \u00e8 sedata dall\u2019immondizia digitale, un mondo dove prostituzione, disparit\u00e0 sociale, per dirne alcune, e anche una piccola apocalisse zombie, sono all\u2019ordine del giorno. Una societ\u00e0 che in verit\u00e0 non \u00e8 tanto distante dalla nostra, una societ\u00e0 dove viviamo e sentiamo, a volte con una certa malinconia, il passare irrefrenabile del tempo. Scrivendo infatti, mi \u00e8 sorta proprio questa domanda, con il passare del tempo e l&#8217;avanzare&hellip;<\/p>\n","category_list":"","author_info":{"name":"Sofia Cande","url":"https:\/\/www.syamhope.com\/es\/author\/ix_admin\/"},"comments_num":"0 comentarios","featured_image_urls_v2":{"full":["https:\/\/www.syamhope.com\/wp-content\/uploads\/2024\/02\/S01-cover-see-you-e-book.webp",594,846,false],"thumbnail":["https:\/\/www.syamhope.com\/wp-content\/uploads\/2024\/02\/S01-cover-see-you-e-book-150x150.webp",150,150,true],"medium":["https:\/\/www.syamhope.com\/wp-content\/uploads\/2024\/02\/S01-cover-see-you-e-book-211x300.webp",211,300,true],"medium_large":["https:\/\/www.syamhope.com\/wp-content\/uploads\/2024\/02\/S01-cover-see-you-e-book.webp",594,846,false],"large":["https:\/\/www.syamhope.com\/wp-content\/uploads\/2024\/02\/S01-cover-see-you-e-book.webp",594,846,false],"1536x1536":["https:\/\/www.syamhope.com\/wp-content\/uploads\/2024\/02\/S01-cover-see-you-e-book.webp",594,846,false],"2048x2048":["https:\/\/www.syamhope.com\/wp-content\/uploads\/2024\/02\/S01-cover-see-you-e-book.webp",594,846,false],"trp-custom-language-flag":["https:\/\/www.syamhope.com\/wp-content\/uploads\/2024\/02\/S01-cover-see-you-e-book-8x12.webp",8,12,true],"ab-block-post-grid-landscape":["https:\/\/www.syamhope.com\/wp-content\/uploads\/2024\/02\/S01-cover-see-you-e-book-594x400.webp",594,400,true],"ab-block-post-grid-square":["https:\/\/www.syamhope.com\/wp-content\/uploads\/2024\/02\/S01-cover-see-you-e-book-594x600.webp",594,600,true],"woocommerce_thumbnail":["https:\/\/www.syamhope.com\/wp-content\/uploads\/2024\/02\/S01-cover-see-you-e-book-300x300.webp",300,300,true],"woocommerce_single":["https:\/\/www.syamhope.com\/wp-content\/uploads\/2024\/02\/S01-cover-see-you-e-book.webp",594,846,false],"woocommerce_gallery_thumbnail":["https:\/\/www.syamhope.com\/wp-content\/uploads\/2024\/02\/S01-cover-see-you-e-book-100x100.webp",100,100,true]},"post_excerpt_stackable_v2":"<p>Un saluto a tutti voi cari lettori, insieme a John Pengo e Sofia Syamhope vorremmo proporvi il nostro fumetto: \u201cSee you in DownTown\u201d. La storia \u00e8 ambientata in una metropoli futurista dove la folla \u00e8 sedata dall\u2019immondizia digitale, un mondo dove prostituzione, disparit\u00e0 sociale, per dirne alcune, e anche una piccola apocalisse zombie, sono all\u2019ordine del giorno. Una societ\u00e0 che in verit\u00e0 non \u00e8 tanto distante dalla nostra, una societ\u00e0 dove viviamo e sentiamo, a volte con una certa malinconia, il passare irrefrenabile del tempo. Scrivendo infatti, mi \u00e8 sorta proprio questa domanda, con il passare del tempo e l&#8217;avanzare&hellip;<\/p>\n","category_list_v2":"","author_info_v2":{"name":"Sofia Cande","url":"https:\/\/www.syamhope.com\/es\/author\/ix_admin\/"},"comments_num_v2":"0 comentarios","featured_img":"https:\/\/www.syamhope.com\/wp-content\/uploads\/2024\/02\/S01-cover-see-you-e-book.webp","coauthors":[],"author_meta":{"author_link":"https:\/\/www.syamhope.com\/es\/author\/ix_admin\/","display_name":"Sofia Cande"},"relative_dates":{"created":"Publicado 2 a\u00f1os hace","modified":"Actualizado 2 a\u00f1os hace"},"absolute_dates":{"created":"Publicado el 28 febrero 2024","modified":"Actualizado el 16 junio 2024"},"absolute_dates_time":{"created":"Publicado el 28 febrero 2024 03:39","modified":"Actualizado el 16 junio 2024 09:16"},"featured_img_caption":"","tax_additional":{"product_type":{"linked":["<a href=\"https:\/\/www.syamhope.com\/es\/?taxonomy=product_type&#038;term=simple\" class=\"advgb-post-tax-term\">simple<\/a>"],"unlinked":["<span class=\"advgb-post-tax-term\">simple<\/span>"],"slug":"product_type","name":"Tipo de producto"},"product_visibility":{"linked":[],"unlinked":[],"slug":"product_visibility","name":"Visibilidad del producto"},"product_cat":{"linked":["<a href=\"https:\/\/www.syamhope.com\/es\/categoria-producto\/adotta-arte\/fumetto\/\" class=\"advgb-post-tax-term\">Fumetto<\/a>"],"unlinked":["<span class=\"advgb-post-tax-term\">Fumetto<\/span>"],"slug":"product_cat","name":"Categor\u00edas del producto"},"product_tag":{"linked":["<a href=\"https:\/\/www.syamhope.com\/es\/etiqueta-producto\/autoproduzione\/\" class=\"advgb-post-tax-term\">autoproduzione<\/a>","<a href=\"https:\/\/www.syamhope.com\/es\/etiqueta-producto\/critica-sociale\/\" class=\"advgb-post-tax-term\">critica sociale<\/a>","<a href=\"https:\/\/www.syamhope.com\/es\/etiqueta-producto\/e-book\/\" class=\"advgb-post-tax-term\">e-book<\/a>","<a href=\"https:\/\/www.syamhope.com\/es\/etiqueta-producto\/fumetto\/\" class=\"advgb-post-tax-term\">fumetto<\/a>","<a href=\"https:\/\/www.syamhope.com\/es\/etiqueta-producto\/fumetto-indipendente\/\" class=\"advgb-post-tax-term\">fumetto indipendente<\/a>","<a href=\"https:\/\/www.syamhope.com\/es\/etiqueta-producto\/see-you-in-downtown-fumetto\/\" class=\"advgb-post-tax-term\">see you in downtown fumetto<\/a>"],"unlinked":["<span class=\"advgb-post-tax-term\">autoproduzione<\/span>","<span class=\"advgb-post-tax-term\">critica sociale<\/span>","<span class=\"advgb-post-tax-term\">e-book<\/span>","<span class=\"advgb-post-tax-term\">fumetto<\/span>","<span class=\"advgb-post-tax-term\">fumetto indipendente<\/span>","<span class=\"advgb-post-tax-term\">see you in downtown fumetto<\/span>"],"slug":"product_tag","name":"Etiquetas del producto"},"product_shipping_class":{"linked":[],"unlinked":[],"slug":"product_shipping_class","name":"Clases de env\u00edo del producto"},"fb_product_set":{"linked":[],"unlinked":[],"slug":"fb_product_set","name":"Conjuntos de productos de Facebook"}},"series_order":"","_links":{"self":[{"href":"https:\/\/www.syamhope.com\/es\/wp-json\/wp\/v2\/product\/5733"}],"collection":[{"href":"https:\/\/www.syamhope.com\/es\/wp-json\/wp\/v2\/product"}],"about":[{"href":"https:\/\/www.syamhope.com\/es\/wp-json\/wp\/v2\/types\/product"}],"replies":[{"embeddable":true,"href":"https:\/\/www.syamhope.com\/es\/wp-json\/wp\/v2\/comments?post=5733"}],"wp:featuredmedia":[{"embeddable":true,"href":"https:\/\/www.syamhope.com\/es\/wp-json\/wp\/v2\/media\/6012"}],"wp:attachment":[{"href":"https:\/\/www.syamhope.com\/es\/wp-json\/wp\/v2\/media?parent=5733"}],"wp:term":[{"taxonomy":"product_cat","embeddable":true,"href":"https:\/\/www.syamhope.com\/es\/wp-json\/wp\/v2\/product_cat?post=5733"},{"taxonomy":"product_tag","embeddable":true,"href":"https:\/\/www.syamhope.com\/es\/wp-json\/wp\/v2\/product_tag?post=5733"}],"curies":[{"name":"wp","href":"https:\/\/api.w.org\/{rel}","templated":true}]}}