{"id":5850,"date":"2024-03-19T14:38:46","date_gmt":"2024-03-19T13:38:46","guid":{"rendered":"https:\/\/www.syamhope.com\/?post_type=product&#038;p=5850"},"modified":"2024-04-12T10:02:36","modified_gmt":"2024-04-12T08:02:36","slug":"mpm-collezione-personalizzata-in-legno-dolivo","status":"publish","type":"product","link":"https:\/\/www.syamhope.com\/es\/producto\/mpm-collezione-personalizzata-in-legno-dolivo\/","title":{"rendered":"MPM COLECCI\u00d3N PERSONALIZADA EN MADERA DE OLIVO"},"content":{"rendered":"<p>Los Pendientes MPM son una Colecci\u00f3n Personalizada que se compone de dos pares de Pendientes Originales en Madera de Olivo.<\/p>\n<p>La Colecci\u00f3n Original MPM es una edici\u00f3n especial realizada a mano a medida, con un gancho origianl para adaptarse a una figura m\u00e1s alargada y con un perfume tipico de la madera de olivo. Adem\u00e1s, la colecci\u00f3n original MPM est\u00e1 enriquecida por una decoraci\u00f3n a mano gracias a la t\u00e9cnica de la pirograf\u00eda.<\/p>","protected":false},"excerpt":{"rendered":"<p>Gli Orecchini MPM sono una Collezione Personalizzata composta da due paia di Orecchini Originali in Legno d&#8217;Olivo. La Collezione Originale [&hellip;]<\/p>","protected":false},"author":1,"featured_media":5852,"comment_status":"closed","ping_status":"closed","template":"","meta":{"_acf_changed":false,"advgb_blocks_editor_width":"","advgb_blocks_columns_visual_guide":"","site-sidebar-layout":"default","site-content-layout":"","ast-site-content-layout":"default","site-content-style":"default","site-sidebar-style":"default","ast-global-header-display":"","ast-banner-title-visibility":"","ast-main-header-display":"","ast-hfb-above-header-display":"","ast-hfb-below-header-display":"","ast-hfb-mobile-header-display":"","site-post-title":"","ast-breadcrumbs-content":"","ast-featured-img":"","footer-sml-layout":"","theme-transparent-header-meta":"default","adv-header-id-meta":"","stick-header-meta":"","header-above-stick-meta":"","header-main-stick-meta":"","header-below-stick-meta":"","astra-migrate-meta-layouts":"set","ast-page-background-enabled":"default","ast-page-background-meta":{"desktop":{"background-color":"var(--ast-global-color-4)","background-image":"","background-repeat":"repeat","background-position":"center center","background-size":"auto","background-attachment":"scroll","background-type":"","background-media":"","overlay-type":"","overlay-color":"","overlay-gradient":""},"tablet":{"background-color":"","background-image":"","background-repeat":"repeat","background-position":"center center","background-size":"auto","background-attachment":"scroll","background-type":"","background-media":"","overlay-type":"","overlay-color":"","overlay-gradient":""},"mobile":{"background-color":"","background-image":"","background-repeat":"repeat","background-position":"center center","background-size":"auto","background-attachment":"scroll","background-type":"","background-media":"","overlay-type":"","overlay-color":"","overlay-gradient":""}},"ast-content-background-meta":{"desktop":{"background-color":"var(--ast-global-color-5)","background-image":"","background-repeat":"repeat","background-position":"center center","background-size":"auto","background-attachment":"scroll","background-type":"","background-media":"","overlay-type":"","overlay-color":"","overlay-gradient":""},"tablet":{"background-color":"var(--ast-global-color-5)","background-image":"","background-repeat":"repeat","background-position":"center center","background-size":"auto","background-attachment":"scroll","background-type":"","background-media":"","overlay-type":"","overlay-color":"","overlay-gradient":""},"mobile":{"background-color":"var(--ast-global-color-5)","background-image":"","background-repeat":"repeat","background-position":"center center","background-size":"auto","background-attachment":"scroll","background-type":"","background-media":"","overlay-type":"","overlay-color":"","overlay-gradient":""}}},"product_cat":[714,718],"product_tag":[721,720,719,723,722],"acf":[],"featured_image_urls":{"full":["https:\/\/www.syamhope.com\/wp-content\/uploads\/2024\/03\/pendientes-personalizados-madera-olivo-maria-blue-bg.webp",1077,1077,false],"thumbnail":["https:\/\/www.syamhope.com\/wp-content\/uploads\/2024\/03\/pendientes-personalizados-madera-olivo-maria-blue-bg-150x150.webp",150,150,true],"medium":["https:\/\/www.syamhope.com\/wp-content\/uploads\/2024\/03\/pendientes-personalizados-madera-olivo-maria-blue-bg-300x300.webp",300,300,true],"medium_large":["https:\/\/www.syamhope.com\/wp-content\/uploads\/2024\/03\/pendientes-personalizados-madera-olivo-maria-blue-bg-768x768.webp",768,768,true],"large":["https:\/\/www.syamhope.com\/wp-content\/uploads\/2024\/03\/pendientes-personalizados-madera-olivo-maria-blue-bg-1024x1024.webp",1024,1024,true],"1536x1536":["https:\/\/www.syamhope.com\/wp-content\/uploads\/2024\/03\/pendientes-personalizados-madera-olivo-maria-blue-bg.webp",1077,1077,false],"2048x2048":["https:\/\/www.syamhope.com\/wp-content\/uploads\/2024\/03\/pendientes-personalizados-madera-olivo-maria-blue-bg.webp",1077,1077,false],"trp-custom-language-flag":["https:\/\/www.syamhope.com\/wp-content\/uploads\/2024\/03\/pendientes-personalizados-madera-olivo-maria-blue-bg-12x12.webp",12,12,true],"ab-block-post-grid-landscape":["https:\/\/www.syamhope.com\/wp-content\/uploads\/2024\/03\/pendientes-personalizados-madera-olivo-maria-blue-bg-600x400.webp",600,400,true],"ab-block-post-grid-square":["https:\/\/www.syamhope.com\/wp-content\/uploads\/2024\/03\/pendientes-personalizados-madera-olivo-maria-blue-bg-600x600.webp",600,600,true],"woocommerce_thumbnail":["https:\/\/www.syamhope.com\/wp-content\/uploads\/2024\/03\/pendientes-personalizados-madera-olivo-maria-blue-bg-300x300.webp",300,300,true],"woocommerce_single":["https:\/\/www.syamhope.com\/wp-content\/uploads\/2024\/03\/pendientes-personalizados-madera-olivo-maria-blue-bg-600x600.webp",600,600,true],"woocommerce_gallery_thumbnail":["https:\/\/www.syamhope.com\/wp-content\/uploads\/2024\/03\/pendientes-personalizados-madera-olivo-maria-blue-bg-100x100.webp",100,100,true]},"post_excerpt_stackable":"<p>Gli Orecchini MPM sono una Collezione Personalizzata composta da due paia di Orecchini Originali in Legno d&#8217;Olivo. La Collezione Originale MPM \u00e8 un&#8217;edizione speciale realizzata a mano su misura, con un gancio originale per adattarsi a un viso longilineo e con il profumo tipico del legno d&#8217;olivo, decorato a mano grazie alla tecnica della pirografia.<\/p>\n","category_list":"","author_info":{"name":"Sofia Cande","url":"https:\/\/www.syamhope.com\/es\/author\/ix_admin\/"},"comments_num":"0 comentarios","featured_image_urls_v2":{"full":["https:\/\/www.syamhope.com\/wp-content\/uploads\/2024\/03\/pendientes-personalizados-madera-olivo-maria-blue-bg.webp",1077,1077,false],"thumbnail":["https:\/\/www.syamhope.com\/wp-content\/uploads\/2024\/03\/pendientes-personalizados-madera-olivo-maria-blue-bg-150x150.webp",150,150,true],"medium":["https:\/\/www.syamhope.com\/wp-content\/uploads\/2024\/03\/pendientes-personalizados-madera-olivo-maria-blue-bg-300x300.webp",300,300,true],"medium_large":["https:\/\/www.syamhope.com\/wp-content\/uploads\/2024\/03\/pendientes-personalizados-madera-olivo-maria-blue-bg-768x768.webp",768,768,true],"large":["https:\/\/www.syamhope.com\/wp-content\/uploads\/2024\/03\/pendientes-personalizados-madera-olivo-maria-blue-bg-1024x1024.webp",1024,1024,true],"1536x1536":["https:\/\/www.syamhope.com\/wp-content\/uploads\/2024\/03\/pendientes-personalizados-madera-olivo-maria-blue-bg.webp",1077,1077,false],"2048x2048":["https:\/\/www.syamhope.com\/wp-content\/uploads\/2024\/03\/pendientes-personalizados-madera-olivo-maria-blue-bg.webp",1077,1077,false],"trp-custom-language-flag":["https:\/\/www.syamhope.com\/wp-content\/uploads\/2024\/03\/pendientes-personalizados-madera-olivo-maria-blue-bg-12x12.webp",12,12,true],"ab-block-post-grid-landscape":["https:\/\/www.syamhope.com\/wp-content\/uploads\/2024\/03\/pendientes-personalizados-madera-olivo-maria-blue-bg-600x400.webp",600,400,true],"ab-block-post-grid-square":["https:\/\/www.syamhope.com\/wp-content\/uploads\/2024\/03\/pendientes-personalizados-madera-olivo-maria-blue-bg-600x600.webp",600,600,true],"woocommerce_thumbnail":["https:\/\/www.syamhope.com\/wp-content\/uploads\/2024\/03\/pendientes-personalizados-madera-olivo-maria-blue-bg-300x300.webp",300,300,true],"woocommerce_single":["https:\/\/www.syamhope.com\/wp-content\/uploads\/2024\/03\/pendientes-personalizados-madera-olivo-maria-blue-bg-600x600.webp",600,600,true],"woocommerce_gallery_thumbnail":["https:\/\/www.syamhope.com\/wp-content\/uploads\/2024\/03\/pendientes-personalizados-madera-olivo-maria-blue-bg-100x100.webp",100,100,true]},"post_excerpt_stackable_v2":"<p>Gli Orecchini MPM sono una Collezione Personalizzata composta da due paia di Orecchini Originali in Legno d&#8217;Olivo. La Collezione Originale MPM \u00e8 un&#8217;edizione speciale realizzata a mano su misura, con un gancio originale per adattarsi a un viso longilineo e con il profumo tipico del legno d&#8217;olivo, decorato a mano grazie alla tecnica della pirografia.<\/p>\n","category_list_v2":"","author_info_v2":{"name":"Sofia Cande","url":"https:\/\/www.syamhope.com\/es\/author\/ix_admin\/"},"comments_num_v2":"0 comentarios","featured_img":"https:\/\/www.syamhope.com\/wp-content\/uploads\/2024\/03\/pendientes-personalizados-madera-olivo-maria-blue-bg.webp","coauthors":[],"author_meta":{"author_link":"https:\/\/www.syamhope.com\/es\/author\/ix_admin\/","display_name":"Sofia Cande"},"relative_dates":{"created":"Publicado 2 a\u00f1os hace","modified":"Actualizado 2 a\u00f1os hace"},"absolute_dates":{"created":"Publicado el 19 marzo 2024","modified":"Actualizado el 12 abril 2024"},"absolute_dates_time":{"created":"Publicado el 19 marzo 2024 14:38","modified":"Actualizado el 12 abril 2024 10:02"},"featured_img_caption":"","tax_additional":{"product_type":{"linked":["<a href=\"https:\/\/www.syamhope.com\/es\/?taxonomy=product_type&#038;term=simple\" class=\"advgb-post-tax-term\">simple<\/a>"],"unlinked":["<span class=\"advgb-post-tax-term\">simple<\/span>"],"slug":"product_type","name":"Tipo de producto"},"product_visibility":{"linked":["<a href=\"https:\/\/www.syamhope.com\/es\/?taxonomy=product_visibility&#038;term=outofstock\" class=\"advgb-post-tax-term\">outofstock<\/a>"],"unlinked":["<span class=\"advgb-post-tax-term\">outofstock<\/span>"],"slug":"product_visibility","name":"Visibilidad del producto"},"product_cat":{"linked":["<a href=\"https:\/\/www.syamhope.com\/es\/categoria-producto\/adotta-arte\/handmade\/\" class=\"advgb-post-tax-term\">Creazioni Artigianali Handmade<\/a>","<a href=\"https:\/\/www.syamhope.com\/es\/categoria-producto\/arte-da-indossare\/\" class=\"advgb-post-tax-term\">Vesti Creativo ed Originale Arte da Indossare<\/a>"],"unlinked":["<span class=\"advgb-post-tax-term\">Creazioni Artigianali Handmade<\/span>","<span class=\"advgb-post-tax-term\">Vesti Creativo ed Originale Arte da Indossare<\/span>"],"slug":"product_cat","name":"Categor\u00edas del producto"},"product_tag":{"linked":["<a href=\"https:\/\/www.syamhope.com\/es\/etiqueta-producto\/artigianato-originale\/\" class=\"advgb-post-tax-term\">Artigianato Originale<\/a>","<a href=\"https:\/\/www.syamhope.com\/es\/etiqueta-producto\/fatto-a-mano\/\" class=\"advgb-post-tax-term\">Fatto a Mano<\/a>","<a href=\"https:\/\/www.syamhope.com\/es\/etiqueta-producto\/handmade\/\" class=\"advgb-post-tax-term\">Handmade<\/a>","<a href=\"https:\/\/www.syamhope.com\/es\/etiqueta-producto\/orecchini-in-legno\/\" class=\"advgb-post-tax-term\">Orecchini in Legno<\/a>","<a href=\"https:\/\/www.syamhope.com\/es\/etiqueta-producto\/orecchini-personalizzati\/\" class=\"advgb-post-tax-term\">Orecchini Personalizzati<\/a>"],"unlinked":["<span class=\"advgb-post-tax-term\">Artigianato Originale<\/span>","<span class=\"advgb-post-tax-term\">Fatto a Mano<\/span>","<span class=\"advgb-post-tax-term\">Handmade<\/span>","<span class=\"advgb-post-tax-term\">Orecchini in Legno<\/span>","<span class=\"advgb-post-tax-term\">Orecchini Personalizzati<\/span>"],"slug":"product_tag","name":"Etiquetas del producto"},"product_shipping_class":{"linked":[],"unlinked":[],"slug":"product_shipping_class","name":"Clases de env\u00edo del producto"},"fb_product_set":{"linked":[],"unlinked":[],"slug":"fb_product_set","name":"Conjuntos de productos de Facebook"}},"series_order":"","_links":{"self":[{"href":"https:\/\/www.syamhope.com\/es\/wp-json\/wp\/v2\/product\/5850"}],"collection":[{"href":"https:\/\/www.syamhope.com\/es\/wp-json\/wp\/v2\/product"}],"about":[{"href":"https:\/\/www.syamhope.com\/es\/wp-json\/wp\/v2\/types\/product"}],"replies":[{"embeddable":true,"href":"https:\/\/www.syamhope.com\/es\/wp-json\/wp\/v2\/comments?post=5850"}],"wp:featuredmedia":[{"embeddable":true,"href":"https:\/\/www.syamhope.com\/es\/wp-json\/wp\/v2\/media\/5852"}],"wp:attachment":[{"href":"https:\/\/www.syamhope.com\/es\/wp-json\/wp\/v2\/media?parent=5850"}],"wp:term":[{"taxonomy":"product_cat","embeddable":true,"href":"https:\/\/www.syamhope.com\/es\/wp-json\/wp\/v2\/product_cat?post=5850"},{"taxonomy":"product_tag","embeddable":true,"href":"https:\/\/www.syamhope.com\/es\/wp-json\/wp\/v2\/product_tag?post=5850"}],"curies":[{"name":"wp","href":"https:\/\/api.w.org\/{rel}","templated":true}]}}