{"id":6043,"date":"2024-05-16T14:56:26","date_gmt":"2024-05-16T12:56:26","guid":{"rendered":"https:\/\/www.syamhope.com\/?post_type=product&#038;p=6043"},"modified":"2024-05-16T23:58:35","modified_gmt":"2024-05-16T21:58:35","slug":"growing","status":"publish","type":"product","link":"https:\/\/www.syamhope.com\/es\/producto\/growing\/","title":{"rendered":"Growing"},"content":{"rendered":"<p>Questa obra originale e autentica \u00e8 una delle mie preferite, sai perch\u00e9?<\/p>\n<p>Si tratta di un&#8217;opera unica nella sulla <strong>semplicit\u00e0<\/strong> y <strong>forza<\/strong> allo stesso tempo. Sono proprio queste qualit\u00e1 a distinguerlo dalle altre opere tanto che finora &#8220;Growing&#8221; \u00e8 stata parte della collezione Syamhope privata.<\/p>\n<p>Ora invece, ho il grandissimo piacere di farla viaggiare e condividerla con te che riconosci il <strong>valore<\/strong> nelle piccole cose, nei tratti semplici e nella bellezza dello quotidiano.<\/p>\n<p>&#8220;Growing&#8221; parla infatti di questo: della semplicit\u00e0, del trovarsi e ri-trovarsi, della <strong>bellezza<\/strong> pi\u00f9 <strong>autentica<\/strong>, della <strong>fioritura<\/strong> <strong>personale<\/strong>.<\/p>\n<p>Ora questa opera esclusiva \u00e8 in esposizione all&#8217;<strong>Hotel Botique del Posadero<\/strong>, a Cordova, ed \u00e8 pronta per viaggiare con te!<\/p>\n<blockquote><p>&#8220;Growing&#8221;<\/p>\n<p>Tecnica mista su tela, 30&#215;40 cm<\/p>\n<p>Arte Originale Syamhope<\/p><\/blockquote>","protected":false},"excerpt":{"rendered":"<p>Questa obra originale e autentica \u00e8 una delle mie preferite, sai perch\u00e9? Si tratta di un&#8217;opera unica nella sulla semplicit\u00e0 [&hellip;]<\/p>","protected":false},"author":1,"featured_media":6047,"comment_status":"closed","ping_status":"closed","template":"","meta":{"_acf_changed":false,"advgb_blocks_editor_width":"","advgb_blocks_columns_visual_guide":"","site-sidebar-layout":"default","site-content-layout":"","ast-site-content-layout":"default","site-content-style":"default","site-sidebar-style":"default","ast-global-header-display":"","ast-banner-title-visibility":"","ast-main-header-display":"","ast-hfb-above-header-display":"","ast-hfb-below-header-display":"","ast-hfb-mobile-header-display":"","site-post-title":"","ast-breadcrumbs-content":"","ast-featured-img":"","footer-sml-layout":"","theme-transparent-header-meta":"default","adv-header-id-meta":"","stick-header-meta":"","header-above-stick-meta":"","header-main-stick-meta":"","header-below-stick-meta":"","astra-migrate-meta-layouts":"set","ast-page-background-enabled":"default","ast-page-background-meta":{"desktop":{"background-color":"var(--ast-global-color-4)","background-image":"","background-repeat":"repeat","background-position":"center center","background-size":"auto","background-attachment":"scroll","background-type":"","background-media":"","overlay-type":"","overlay-color":"","overlay-gradient":""},"tablet":{"background-color":"","background-image":"","background-repeat":"repeat","background-position":"center center","background-size":"auto","background-attachment":"scroll","background-type":"","background-media":"","overlay-type":"","overlay-color":"","overlay-gradient":""},"mobile":{"background-color":"","background-image":"","background-repeat":"repeat","background-position":"center center","background-size":"auto","background-attachment":"scroll","background-type":"","background-media":"","overlay-type":"","overlay-color":"","overlay-gradient":""}},"ast-content-background-meta":{"desktop":{"background-color":"var(--ast-global-color-5)","background-image":"","background-repeat":"repeat","background-position":"center center","background-size":"auto","background-attachment":"scroll","background-type":"","background-media":"","overlay-type":"","overlay-color":"","overlay-gradient":""},"tablet":{"background-color":"var(--ast-global-color-5)","background-image":"","background-repeat":"repeat","background-position":"center center","background-size":"auto","background-attachment":"scroll","background-type":"","background-media":"","overlay-type":"","overlay-color":"","overlay-gradient":""},"mobile":{"background-color":"var(--ast-global-color-5)","background-image":"","background-repeat":"repeat","background-position":"center center","background-size":"auto","background-attachment":"scroll","background-type":"","background-media":"","overlay-type":"","overlay-color":"","overlay-gradient":""}}},"product_cat":[716],"product_tag":[742,741,740,743],"acf":[],"featured_image_urls":{"full":["https:\/\/www.syamhope.com\/wp-content\/uploads\/2024\/05\/Growing-tecnica-mista-2021-syamhope-detail-2.webp",1536,1536,false],"thumbnail":["https:\/\/www.syamhope.com\/wp-content\/uploads\/2024\/05\/Growing-tecnica-mista-2021-syamhope-detail-2-150x150.webp",150,150,true],"medium":["https:\/\/www.syamhope.com\/wp-content\/uploads\/2024\/05\/Growing-tecnica-mista-2021-syamhope-detail-2-300x300.webp",300,300,true],"medium_large":["https:\/\/www.syamhope.com\/wp-content\/uploads\/2024\/05\/Growing-tecnica-mista-2021-syamhope-detail-2-768x768.webp",768,768,true],"large":["https:\/\/www.syamhope.com\/wp-content\/uploads\/2024\/05\/Growing-tecnica-mista-2021-syamhope-detail-2-1024x1024.webp",1024,1024,true],"1536x1536":["https:\/\/www.syamhope.com\/wp-content\/uploads\/2024\/05\/Growing-tecnica-mista-2021-syamhope-detail-2.webp",1536,1536,false],"2048x2048":["https:\/\/www.syamhope.com\/wp-content\/uploads\/2024\/05\/Growing-tecnica-mista-2021-syamhope-detail-2.webp",1536,1536,false],"trp-custom-language-flag":["https:\/\/www.syamhope.com\/wp-content\/uploads\/2024\/05\/Growing-tecnica-mista-2021-syamhope-detail-2-12x12.webp",12,12,true],"ab-block-post-grid-landscape":["https:\/\/www.syamhope.com\/wp-content\/uploads\/2024\/05\/Growing-tecnica-mista-2021-syamhope-detail-2-600x400.webp",600,400,true],"ab-block-post-grid-square":["https:\/\/www.syamhope.com\/wp-content\/uploads\/2024\/05\/Growing-tecnica-mista-2021-syamhope-detail-2-600x600.webp",600,600,true],"woocommerce_thumbnail":["https:\/\/www.syamhope.com\/wp-content\/uploads\/2024\/05\/Growing-tecnica-mista-2021-syamhope-detail-2-300x300.webp",300,300,true],"woocommerce_single":["https:\/\/www.syamhope.com\/wp-content\/uploads\/2024\/05\/Growing-tecnica-mista-2021-syamhope-detail-2-600x600.webp",600,600,true],"woocommerce_gallery_thumbnail":["https:\/\/www.syamhope.com\/wp-content\/uploads\/2024\/05\/Growing-tecnica-mista-2021-syamhope-detail-2-100x100.webp",100,100,true]},"post_excerpt_stackable":"<p>Questa obra originale e autentica \u00e8 una delle mie preferite, sai perch\u00e9? Si tratta di un&#8217;opera unica nella sulla semplicit\u00e0 e forza allo stesso tempo. Sono proprio queste qualit\u00e1 a distinguerlo dalle altre opere tanto che finora &#8220;Growing&#8221; \u00e8 stata parte della collezione Syamhope privata. Ora invece, ho il grandissimo piacere di farla viaggiare e condividerla con te che riconosci il valore nelle piccole cose, nei tratti semplici e nella bellezza dello quotidiano. &#8220;Growing&#8221; parla infatti di questo: della semplicit\u00e0, del trovarsi e ri-trovarsi, della bellezza pi\u00f9 autentica, della fioritura personale. Ora questa opera esclusiva \u00e8 in esposizione all&#8217;Hotel Botique&hellip;<\/p>\n","category_list":"","author_info":{"name":"Sofia Cande","url":"https:\/\/www.syamhope.com\/es\/author\/ix_admin\/"},"comments_num":"0 comentarios","featured_image_urls_v2":{"full":["https:\/\/www.syamhope.com\/wp-content\/uploads\/2024\/05\/Growing-tecnica-mista-2021-syamhope-detail-2.webp",1536,1536,false],"thumbnail":["https:\/\/www.syamhope.com\/wp-content\/uploads\/2024\/05\/Growing-tecnica-mista-2021-syamhope-detail-2-150x150.webp",150,150,true],"medium":["https:\/\/www.syamhope.com\/wp-content\/uploads\/2024\/05\/Growing-tecnica-mista-2021-syamhope-detail-2-300x300.webp",300,300,true],"medium_large":["https:\/\/www.syamhope.com\/wp-content\/uploads\/2024\/05\/Growing-tecnica-mista-2021-syamhope-detail-2-768x768.webp",768,768,true],"large":["https:\/\/www.syamhope.com\/wp-content\/uploads\/2024\/05\/Growing-tecnica-mista-2021-syamhope-detail-2-1024x1024.webp",1024,1024,true],"1536x1536":["https:\/\/www.syamhope.com\/wp-content\/uploads\/2024\/05\/Growing-tecnica-mista-2021-syamhope-detail-2.webp",1536,1536,false],"2048x2048":["https:\/\/www.syamhope.com\/wp-content\/uploads\/2024\/05\/Growing-tecnica-mista-2021-syamhope-detail-2.webp",1536,1536,false],"trp-custom-language-flag":["https:\/\/www.syamhope.com\/wp-content\/uploads\/2024\/05\/Growing-tecnica-mista-2021-syamhope-detail-2-12x12.webp",12,12,true],"ab-block-post-grid-landscape":["https:\/\/www.syamhope.com\/wp-content\/uploads\/2024\/05\/Growing-tecnica-mista-2021-syamhope-detail-2-600x400.webp",600,400,true],"ab-block-post-grid-square":["https:\/\/www.syamhope.com\/wp-content\/uploads\/2024\/05\/Growing-tecnica-mista-2021-syamhope-detail-2-600x600.webp",600,600,true],"woocommerce_thumbnail":["https:\/\/www.syamhope.com\/wp-content\/uploads\/2024\/05\/Growing-tecnica-mista-2021-syamhope-detail-2-300x300.webp",300,300,true],"woocommerce_single":["https:\/\/www.syamhope.com\/wp-content\/uploads\/2024\/05\/Growing-tecnica-mista-2021-syamhope-detail-2-600x600.webp",600,600,true],"woocommerce_gallery_thumbnail":["https:\/\/www.syamhope.com\/wp-content\/uploads\/2024\/05\/Growing-tecnica-mista-2021-syamhope-detail-2-100x100.webp",100,100,true]},"post_excerpt_stackable_v2":"<p>Questa obra originale e autentica \u00e8 una delle mie preferite, sai perch\u00e9? Si tratta di un&#8217;opera unica nella sulla semplicit\u00e0 e forza allo stesso tempo. Sono proprio queste qualit\u00e1 a distinguerlo dalle altre opere tanto che finora &#8220;Growing&#8221; \u00e8 stata parte della collezione Syamhope privata. Ora invece, ho il grandissimo piacere di farla viaggiare e condividerla con te che riconosci il valore nelle piccole cose, nei tratti semplici e nella bellezza dello quotidiano. &#8220;Growing&#8221; parla infatti di questo: della semplicit\u00e0, del trovarsi e ri-trovarsi, della bellezza pi\u00f9 autentica, della fioritura personale. Ora questa opera esclusiva \u00e8 in esposizione all&#8217;Hotel Botique&hellip;<\/p>\n","category_list_v2":"","author_info_v2":{"name":"Sofia Cande","url":"https:\/\/www.syamhope.com\/es\/author\/ix_admin\/"},"comments_num_v2":"0 comentarios","featured_img":"https:\/\/www.syamhope.com\/wp-content\/uploads\/2024\/05\/Growing-tecnica-mista-2021-syamhope-detail-2.webp","coauthors":[],"author_meta":{"author_link":"https:\/\/www.syamhope.com\/es\/author\/ix_admin\/","display_name":"Sofia Cande"},"relative_dates":{"created":"Publicado 2 a\u00f1os hace","modified":"Actualizado 2 a\u00f1os hace"},"absolute_dates":{"created":"Publicado el 16 mayo 2024","modified":"Actualizado el 16 mayo 2024"},"absolute_dates_time":{"created":"Publicado el 16 mayo 2024 14:56","modified":"Actualizado el 16 mayo 2024 23:58"},"featured_img_caption":"","tax_additional":{"product_type":{"linked":["<a href=\"https:\/\/www.syamhope.com\/es\/?taxonomy=product_type&#038;term=simple\" class=\"advgb-post-tax-term\">simple<\/a>"],"unlinked":["<span class=\"advgb-post-tax-term\">simple<\/span>"],"slug":"product_type","name":"Tipo de producto"},"product_visibility":{"linked":[],"unlinked":[],"slug":"product_visibility","name":"Visibilidad del producto"},"product_cat":{"linked":["<a href=\"https:\/\/www.syamhope.com\/es\/categoria-producto\/adotta-arte\/opere-originali\/\" class=\"advgb-post-tax-term\">Opere Originali<\/a>"],"unlinked":["<span class=\"advgb-post-tax-term\">Opere Originali<\/span>"],"slug":"product_cat","name":"Categor\u00edas del producto"},"product_tag":{"linked":["<a href=\"https:\/\/www.syamhope.com\/es\/etiqueta-producto\/design-elegant\/\" class=\"advgb-post-tax-term\">design elegant<\/a>","<a href=\"https:\/\/www.syamhope.com\/es\/etiqueta-producto\/hotel-botique\/\" class=\"advgb-post-tax-term\">hotel botique<\/a>","<a href=\"https:\/\/www.syamhope.com\/es\/etiqueta-producto\/ink-drawing\/\" class=\"advgb-post-tax-term\">ink drawing<\/a>","<a href=\"https:\/\/www.syamhope.com\/es\/etiqueta-producto\/interior-design\/\" class=\"advgb-post-tax-term\">interior design<\/a>"],"unlinked":["<span class=\"advgb-post-tax-term\">design elegant<\/span>","<span class=\"advgb-post-tax-term\">hotel botique<\/span>","<span class=\"advgb-post-tax-term\">ink drawing<\/span>","<span class=\"advgb-post-tax-term\">interior design<\/span>"],"slug":"product_tag","name":"Etiquetas del producto"},"product_shipping_class":{"linked":[],"unlinked":[],"slug":"product_shipping_class","name":"Clases de env\u00edo del producto"},"fb_product_set":{"linked":[],"unlinked":[],"slug":"fb_product_set","name":"Conjuntos de productos de Facebook"}},"series_order":"","_links":{"self":[{"href":"https:\/\/www.syamhope.com\/es\/wp-json\/wp\/v2\/product\/6043"}],"collection":[{"href":"https:\/\/www.syamhope.com\/es\/wp-json\/wp\/v2\/product"}],"about":[{"href":"https:\/\/www.syamhope.com\/es\/wp-json\/wp\/v2\/types\/product"}],"replies":[{"embeddable":true,"href":"https:\/\/www.syamhope.com\/es\/wp-json\/wp\/v2\/comments?post=6043"}],"wp:featuredmedia":[{"embeddable":true,"href":"https:\/\/www.syamhope.com\/es\/wp-json\/wp\/v2\/media\/6047"}],"wp:attachment":[{"href":"https:\/\/www.syamhope.com\/es\/wp-json\/wp\/v2\/media?parent=6043"}],"wp:term":[{"taxonomy":"product_cat","embeddable":true,"href":"https:\/\/www.syamhope.com\/es\/wp-json\/wp\/v2\/product_cat?post=6043"},{"taxonomy":"product_tag","embeddable":true,"href":"https:\/\/www.syamhope.com\/es\/wp-json\/wp\/v2\/product_tag?post=6043"}],"curies":[{"name":"wp","href":"https:\/\/api.w.org\/{rel}","templated":true}]}}