{"id":6392,"date":"2024-10-03T16:46:04","date_gmt":"2024-10-03T14:46:04","guid":{"rendered":"https:\/\/www.syamhope.com\/?post_type=product&#038;p=6392"},"modified":"2025-05-12T18:57:06","modified_gmt":"2025-05-12T16:57:06","slug":"workshop-arte-relax-dulces-pinceladas-22-11-2024-patio-posadero","status":"publish","type":"product","link":"https:\/\/www.syamhope.com\/es\/producto\/workshop-arte-relax-dulces-pinceladas-22-11-2024-patio-posadero\/","title":{"rendered":"WORKSHOP &#8211; Dulces Pinceladas, 22 de Noviembre 2024, Eventos en C\u00f3rdoba"},"content":{"rendered":"<div>\n<p>Si buscas <strong>bienestar y reducci\u00f3n de estr\u00e9s<\/strong>, este taller de Arte te ayudar\u00e1 a desconectar, reducir la ansiedad y encontrar tranquilidad a trav\u00e9s de la <strong>pintura<\/strong>.<\/p>\n<p>Podr\u00e1s disfrutar de una experiencia relajante de Arte acompa\u00f1ada por una dulce merienda: una <strong>tarta<\/strong> servida con caf\u00e9 o infusi\u00f3n est\u00e1n pensados para cuidarte en este momento de bienestar y creaci\u00f3n.<\/p>\n<p><strong>Ideal para<\/strong> personas que sienten curiosidad por el arte, aunque no tengan bases t\u00e9cnicas.<\/p>\n<p>Est\u00e1s invitad@ a disfrutar sin preocuparte por la perfecci\u00f3n. P<\/p>\n<p><strong>Ideal para<\/strong> personas que buscan creatividad como una forma de arte terapia o una actividad para mejorar su bienestar mental, sin necesidad de ser artistas profesionales.<\/p>\n<p><strong>Ideal para<\/strong> <strong>ti<\/strong> si buscas un ambiente relajado: un entorno libre de presi\u00f3n o competitivo, una experiencia relajante en lugar de un taller intensivo de t\u00e9cnica o teor\u00eda del arte.<\/p>\n<p><strong> En resumen<\/strong>, este taller de Arte y Relajaci\u00f3n es accesible y orientado al bienestar, ideal para quienes quieren explorar la pintura de manera relajada y disfrutar del proceso sin estr\u00e9s.<\/p>\n<p>&nbsp;<\/p>\n<\/div>\n<p>Para poder garantizar tu bienestar y un ambiente de m\u00e1ximo relax, <strong>es necesario reservar con antelaci\u00f3n, <\/strong>materiales, tarta y caf\u00e9 o infusi\u00f3n incluidos.<\/p>\n<p>&nbsp;<\/p>\n<p><strong>ARTE&amp;RELAX<\/strong> &#8211; Viernes 22 de Noviembre, de 17 a 19hoo<\/p>\n<p>en el m\u00e1gico Patio del Posadero, C\u00f3rdoba<\/p>","protected":false},"excerpt":{"rendered":"<p>Si buscas bienestar y reducci\u00f3n de estr\u00e9s, este taller de Arte te ayudar\u00e1 a desconectar, reducir la ansiedad y encontrar [&hellip;]<\/p>","protected":false},"author":1,"featured_media":6386,"comment_status":"closed","ping_status":"closed","template":"","meta":{"_acf_changed":false,"advgb_blocks_editor_width":"","advgb_blocks_columns_visual_guide":"","site-sidebar-layout":"default","site-content-layout":"","ast-site-content-layout":"default","site-content-style":"default","site-sidebar-style":"default","ast-global-header-display":"","ast-banner-title-visibility":"","ast-main-header-display":"","ast-hfb-above-header-display":"","ast-hfb-below-header-display":"","ast-hfb-mobile-header-display":"","site-post-title":"","ast-breadcrumbs-content":"","ast-featured-img":"","footer-sml-layout":"","theme-transparent-header-meta":"default","adv-header-id-meta":"","stick-header-meta":"","header-above-stick-meta":"","header-main-stick-meta":"","header-below-stick-meta":"","astra-migrate-meta-layouts":"set","ast-page-background-enabled":"default","ast-page-background-meta":{"desktop":{"background-color":"var(--ast-global-color-4)","background-image":"","background-repeat":"repeat","background-position":"center center","background-size":"auto","background-attachment":"scroll","background-type":"","background-media":"","overlay-type":"","overlay-color":"","overlay-gradient":""},"tablet":{"background-color":"","background-image":"","background-repeat":"repeat","background-position":"center center","background-size":"auto","background-attachment":"scroll","background-type":"","background-media":"","overlay-type":"","overlay-color":"","overlay-gradient":""},"mobile":{"background-color":"","background-image":"","background-repeat":"repeat","background-position":"center center","background-size":"auto","background-attachment":"scroll","background-type":"","background-media":"","overlay-type":"","overlay-color":"","overlay-gradient":""}},"ast-content-background-meta":{"desktop":{"background-color":"var(--ast-global-color-5)","background-image":"","background-repeat":"repeat","background-position":"center center","background-size":"auto","background-attachment":"scroll","background-type":"","background-media":"","overlay-type":"","overlay-color":"","overlay-gradient":""},"tablet":{"background-color":"var(--ast-global-color-5)","background-image":"","background-repeat":"repeat","background-position":"center center","background-size":"auto","background-attachment":"scroll","background-type":"","background-media":"","overlay-type":"","overlay-color":"","overlay-gradient":""},"mobile":{"background-color":"var(--ast-global-color-5)","background-image":"","background-repeat":"repeat","background-position":"center center","background-size":"auto","background-attachment":"scroll","background-type":"","background-media":"","overlay-type":"","overlay-color":"","overlay-gradient":""}}},"product_cat":[796,757],"product_tag":[803,798,799,801,800,802,804,735,736,737,797],"acf":[],"featured_image_urls":{"full":["https:\/\/www.syamhope.com\/wp-content\/uploads\/2024\/10\/22-nov-hotel-patio-posadero-1a1-arte-relax-sofia-syamhope-v2.webp",1080,1080,false],"thumbnail":["https:\/\/www.syamhope.com\/wp-content\/uploads\/2024\/10\/22-nov-hotel-patio-posadero-1a1-arte-relax-sofia-syamhope-v2-150x150.webp",150,150,true],"medium":["https:\/\/www.syamhope.com\/wp-content\/uploads\/2024\/10\/22-nov-hotel-patio-posadero-1a1-arte-relax-sofia-syamhope-v2-300x300.webp",300,300,true],"medium_large":["https:\/\/www.syamhope.com\/wp-content\/uploads\/2024\/10\/22-nov-hotel-patio-posadero-1a1-arte-relax-sofia-syamhope-v2-768x768.webp",768,768,true],"large":["https:\/\/www.syamhope.com\/wp-content\/uploads\/2024\/10\/22-nov-hotel-patio-posadero-1a1-arte-relax-sofia-syamhope-v2-1024x1024.webp",1024,1024,true],"1536x1536":["https:\/\/www.syamhope.com\/wp-content\/uploads\/2024\/10\/22-nov-hotel-patio-posadero-1a1-arte-relax-sofia-syamhope-v2.webp",1080,1080,false],"2048x2048":["https:\/\/www.syamhope.com\/wp-content\/uploads\/2024\/10\/22-nov-hotel-patio-posadero-1a1-arte-relax-sofia-syamhope-v2.webp",1080,1080,false],"trp-custom-language-flag":["https:\/\/www.syamhope.com\/wp-content\/uploads\/2024\/10\/22-nov-hotel-patio-posadero-1a1-arte-relax-sofia-syamhope-v2-12x12.webp",12,12,true],"ab-block-post-grid-landscape":["https:\/\/www.syamhope.com\/wp-content\/uploads\/2024\/10\/22-nov-hotel-patio-posadero-1a1-arte-relax-sofia-syamhope-v2-600x400.webp",600,400,true],"ab-block-post-grid-square":["https:\/\/www.syamhope.com\/wp-content\/uploads\/2024\/10\/22-nov-hotel-patio-posadero-1a1-arte-relax-sofia-syamhope-v2-600x600.webp",600,600,true],"woocommerce_thumbnail":["https:\/\/www.syamhope.com\/wp-content\/uploads\/2024\/10\/22-nov-hotel-patio-posadero-1a1-arte-relax-sofia-syamhope-v2-300x300.webp",300,300,true],"woocommerce_single":["https:\/\/www.syamhope.com\/wp-content\/uploads\/2024\/10\/22-nov-hotel-patio-posadero-1a1-arte-relax-sofia-syamhope-v2-600x600.webp",600,600,true],"woocommerce_gallery_thumbnail":["https:\/\/www.syamhope.com\/wp-content\/uploads\/2024\/10\/22-nov-hotel-patio-posadero-1a1-arte-relax-sofia-syamhope-v2-100x100.webp",100,100,true]},"post_excerpt_stackable":"<p>Si buscas bienestar y reducci\u00f3n de estr\u00e9s, este taller de Arte te ayudar\u00e1 a desconectar, reducir la ansiedad y encontrar tranquilidad a trav\u00e9s de la pintura. Podr\u00e1s disfrutar de una experiencia relajante de Arte acompa\u00f1ada por una dulce merienda: una tarta servida con caf\u00e9 o infusi\u00f3n est\u00e1n pensados para cuidarte en este momento de bienestar y creaci\u00f3n. Ideal para personas que sienten curiosidad por el arte, aunque no tengan bases t\u00e9cnicas. Est\u00e1s invitad@ a disfrutar sin preocuparte por la perfecci\u00f3n. P Ideal para personas que buscan creatividad como una forma de arte terapia o una actividad para mejorar su bienestar&hellip;<\/p>\n","category_list":"","author_info":{"name":"Sofia Cande","url":"https:\/\/www.syamhope.com\/es\/author\/ix_admin\/"},"comments_num":"0 comentarios","featured_image_urls_v2":{"full":["https:\/\/www.syamhope.com\/wp-content\/uploads\/2024\/10\/22-nov-hotel-patio-posadero-1a1-arte-relax-sofia-syamhope-v2.webp",1080,1080,false],"thumbnail":["https:\/\/www.syamhope.com\/wp-content\/uploads\/2024\/10\/22-nov-hotel-patio-posadero-1a1-arte-relax-sofia-syamhope-v2-150x150.webp",150,150,true],"medium":["https:\/\/www.syamhope.com\/wp-content\/uploads\/2024\/10\/22-nov-hotel-patio-posadero-1a1-arte-relax-sofia-syamhope-v2-300x300.webp",300,300,true],"medium_large":["https:\/\/www.syamhope.com\/wp-content\/uploads\/2024\/10\/22-nov-hotel-patio-posadero-1a1-arte-relax-sofia-syamhope-v2-768x768.webp",768,768,true],"large":["https:\/\/www.syamhope.com\/wp-content\/uploads\/2024\/10\/22-nov-hotel-patio-posadero-1a1-arte-relax-sofia-syamhope-v2-1024x1024.webp",1024,1024,true],"1536x1536":["https:\/\/www.syamhope.com\/wp-content\/uploads\/2024\/10\/22-nov-hotel-patio-posadero-1a1-arte-relax-sofia-syamhope-v2.webp",1080,1080,false],"2048x2048":["https:\/\/www.syamhope.com\/wp-content\/uploads\/2024\/10\/22-nov-hotel-patio-posadero-1a1-arte-relax-sofia-syamhope-v2.webp",1080,1080,false],"trp-custom-language-flag":["https:\/\/www.syamhope.com\/wp-content\/uploads\/2024\/10\/22-nov-hotel-patio-posadero-1a1-arte-relax-sofia-syamhope-v2-12x12.webp",12,12,true],"ab-block-post-grid-landscape":["https:\/\/www.syamhope.com\/wp-content\/uploads\/2024\/10\/22-nov-hotel-patio-posadero-1a1-arte-relax-sofia-syamhope-v2-600x400.webp",600,400,true],"ab-block-post-grid-square":["https:\/\/www.syamhope.com\/wp-content\/uploads\/2024\/10\/22-nov-hotel-patio-posadero-1a1-arte-relax-sofia-syamhope-v2-600x600.webp",600,600,true],"woocommerce_thumbnail":["https:\/\/www.syamhope.com\/wp-content\/uploads\/2024\/10\/22-nov-hotel-patio-posadero-1a1-arte-relax-sofia-syamhope-v2-300x300.webp",300,300,true],"woocommerce_single":["https:\/\/www.syamhope.com\/wp-content\/uploads\/2024\/10\/22-nov-hotel-patio-posadero-1a1-arte-relax-sofia-syamhope-v2-600x600.webp",600,600,true],"woocommerce_gallery_thumbnail":["https:\/\/www.syamhope.com\/wp-content\/uploads\/2024\/10\/22-nov-hotel-patio-posadero-1a1-arte-relax-sofia-syamhope-v2-100x100.webp",100,100,true]},"post_excerpt_stackable_v2":"<p>Si buscas bienestar y reducci\u00f3n de estr\u00e9s, este taller de Arte te ayudar\u00e1 a desconectar, reducir la ansiedad y encontrar tranquilidad a trav\u00e9s de la pintura. Podr\u00e1s disfrutar de una experiencia relajante de Arte acompa\u00f1ada por una dulce merienda: una tarta servida con caf\u00e9 o infusi\u00f3n est\u00e1n pensados para cuidarte en este momento de bienestar y creaci\u00f3n. Ideal para personas que sienten curiosidad por el arte, aunque no tengan bases t\u00e9cnicas. Est\u00e1s invitad@ a disfrutar sin preocuparte por la perfecci\u00f3n. P Ideal para personas que buscan creatividad como una forma de arte terapia o una actividad para mejorar su bienestar&hellip;<\/p>\n","category_list_v2":"","author_info_v2":{"name":"Sofia Cande","url":"https:\/\/www.syamhope.com\/es\/author\/ix_admin\/"},"comments_num_v2":"0 comentarios","featured_img":"https:\/\/www.syamhope.com\/wp-content\/uploads\/2024\/10\/22-nov-hotel-patio-posadero-1a1-arte-relax-sofia-syamhope-v2.webp","coauthors":[],"author_meta":{"author_link":"https:\/\/www.syamhope.com\/es\/author\/ix_admin\/","display_name":"Sofia Cande"},"relative_dates":{"created":"Publicado 2 a\u00f1os hace","modified":"Actualizado 11 meses hace"},"absolute_dates":{"created":"Publicado el 3 octubre 2024","modified":"Actualizado el 12 mayo 2025"},"absolute_dates_time":{"created":"Publicado el 3 octubre 2024 16:46","modified":"Actualizado el 12 mayo 2025 18:57"},"featured_img_caption":"","tax_additional":{"product_type":{"linked":["<a href=\"https:\/\/www.syamhope.com\/es\/?taxonomy=product_type&#038;term=simple\" class=\"advgb-post-tax-term\">simple<\/a>"],"unlinked":["<span class=\"advgb-post-tax-term\">simple<\/span>"],"slug":"product_type","name":"Tipo de producto"},"product_visibility":{"linked":["<a href=\"https:\/\/www.syamhope.com\/es\/?taxonomy=product_visibility&#038;term=outofstock\" class=\"advgb-post-tax-term\">outofstock<\/a>"],"unlinked":["<span class=\"advgb-post-tax-term\">outofstock<\/span>"],"slug":"product_visibility","name":"Visibilidad del producto"},"product_cat":{"linked":["<a href=\"https:\/\/www.syamhope.com\/es\/categoria-producto\/personalizzazione-opere\/arte-relax\/\" class=\"advgb-post-tax-term\">Arte &amp; Relax<\/a>","<a href=\"https:\/\/www.syamhope.com\/es\/categoria-producto\/personalizzazione-opere\/formazione\/\" class=\"advgb-post-tax-term\">Formazione<\/a>"],"unlinked":["<span class=\"advgb-post-tax-term\">Arte &amp; Relax<\/span>","<span class=\"advgb-post-tax-term\">Formazione<\/span>"],"slug":"product_cat","name":"Categor\u00edas del producto"},"product_tag":{"linked":["<a href=\"https:\/\/www.syamhope.com\/es\/etiqueta-producto\/art-events\/\" class=\"advgb-post-tax-term\">art events<\/a>","<a href=\"https:\/\/www.syamhope.com\/es\/etiqueta-producto\/arte-terapia\/\" class=\"advgb-post-tax-term\">arte terapia<\/a>","<a href=\"https:\/\/www.syamhope.com\/es\/etiqueta-producto\/asmr-art\/\" class=\"advgb-post-tax-term\">asmr art<\/a>","<a href=\"https:\/\/www.syamhope.com\/es\/etiqueta-producto\/benessere\/\" class=\"advgb-post-tax-term\">benessere<\/a>","<a href=\"https:\/\/www.syamhope.com\/es\/etiqueta-producto\/bienestar\/\" class=\"advgb-post-tax-term\">bienestar<\/a>","<a href=\"https:\/\/www.syamhope.com\/es\/etiqueta-producto\/eventos-de-arte\/\" class=\"advgb-post-tax-term\">eventos de arte<\/a>","<a href=\"https:\/\/www.syamhope.com\/es\/etiqueta-producto\/eventos-de-arte-en-cordoba\/\" class=\"advgb-post-tax-term\">Eventos de Arte en C\u00f3rdoba<\/a>","<a href=\"https:\/\/www.syamhope.com\/es\/etiqueta-producto\/formazione\/\" class=\"advgb-post-tax-term\">formazione<\/a>","<a href=\"https:\/\/www.syamhope.com\/es\/etiqueta-producto\/lab\/\" class=\"advgb-post-tax-term\">lab<\/a>","<a href=\"https:\/\/www.syamhope.com\/es\/etiqueta-producto\/laboratorio-creativo\/\" class=\"advgb-post-tax-term\">laboratorio creativo<\/a>","<a href=\"https:\/\/www.syamhope.com\/es\/etiqueta-producto\/pintura\/\" class=\"advgb-post-tax-term\">pintura<\/a>"],"unlinked":["<span class=\"advgb-post-tax-term\">art events<\/span>","<span class=\"advgb-post-tax-term\">arte terapia<\/span>","<span class=\"advgb-post-tax-term\">asmr art<\/span>","<span class=\"advgb-post-tax-term\">benessere<\/span>","<span class=\"advgb-post-tax-term\">bienestar<\/span>","<span class=\"advgb-post-tax-term\">eventos de arte<\/span>","<span class=\"advgb-post-tax-term\">Eventos de Arte en C\u00f3rdoba<\/span>","<span class=\"advgb-post-tax-term\">formazione<\/span>","<span class=\"advgb-post-tax-term\">lab<\/span>","<span class=\"advgb-post-tax-term\">laboratorio creativo<\/span>","<span class=\"advgb-post-tax-term\">pintura<\/span>"],"slug":"product_tag","name":"Etiquetas del producto"},"product_shipping_class":{"linked":[],"unlinked":[],"slug":"product_shipping_class","name":"Clases de env\u00edo del producto"},"fb_product_set":{"linked":[],"unlinked":[],"slug":"fb_product_set","name":"Conjuntos de productos de Facebook"}},"series_order":"","_links":{"self":[{"href":"https:\/\/www.syamhope.com\/es\/wp-json\/wp\/v2\/product\/6392"}],"collection":[{"href":"https:\/\/www.syamhope.com\/es\/wp-json\/wp\/v2\/product"}],"about":[{"href":"https:\/\/www.syamhope.com\/es\/wp-json\/wp\/v2\/types\/product"}],"replies":[{"embeddable":true,"href":"https:\/\/www.syamhope.com\/es\/wp-json\/wp\/v2\/comments?post=6392"}],"wp:featuredmedia":[{"embeddable":true,"href":"https:\/\/www.syamhope.com\/es\/wp-json\/wp\/v2\/media\/6386"}],"wp:attachment":[{"href":"https:\/\/www.syamhope.com\/es\/wp-json\/wp\/v2\/media?parent=6392"}],"wp:term":[{"taxonomy":"product_cat","embeddable":true,"href":"https:\/\/www.syamhope.com\/es\/wp-json\/wp\/v2\/product_cat?post=6392"},{"taxonomy":"product_tag","embeddable":true,"href":"https:\/\/www.syamhope.com\/es\/wp-json\/wp\/v2\/product_tag?post=6392"}],"curies":[{"name":"wp","href":"https:\/\/api.w.org\/{rel}","templated":true}]}}