{"id":6406,"date":"2024-10-07T22:27:30","date_gmt":"2024-10-07T20:27:30","guid":{"rendered":"https:\/\/www.syamhope.com\/?post_type=product&#038;p=6406"},"modified":"2024-10-07T22:28:54","modified_gmt":"2024-10-07T20:28:54","slug":"hope-postcard-on-the-road","status":"publish","type":"product","link":"https:\/\/www.syamhope.com\/it\/prodotto\/hope-postcard-on-the-road\/","title":{"rendered":"La Vigilia della Speranza &#8211; Cartolina On The Road"},"content":{"rendered":"<p>Ora puoi portare a casa la Collezione D&#8217;Arte &#8220;DEVENIR&#8221;<\/p>\n<p>Cos&#8217;\u00e8??<\/p>\n<p>&#8220;Devenir&#8221; \u00e8 una collezione di illustrazioni e fotografie di viaggio che ho realizzato in Marocco, \u00e8 stata esposta in diverse mostre artistiche e ora ti aspetta!<\/p>\n<p>Come Funziona?<br \/>\nPer te ho creato le Cartoline (Postcard) Edizione Limitata, con le opere del cuaderno di viaggio, ne esistono solo due copie ciascuna!<\/p>\n<p><!--more--><\/p>\n","protected":false},"excerpt":{"rendered":"<p>Ora puoi portare a casa la Collezione D&#8217;Arte &#8220;DEVENIR&#8221; Cos&#8217;\u00e8?? &#8220;Devenir&#8221; \u00e8 una collezione di illustrazioni e fotografie di viaggio [&hellip;]<\/p>\n","protected":false},"author":1,"featured_media":6407,"comment_status":"open","ping_status":"closed","template":"","meta":{"_acf_changed":false,"advgb_blocks_editor_width":"","advgb_blocks_columns_visual_guide":"","site-sidebar-layout":"default","site-content-layout":"","ast-site-content-layout":"default","site-content-style":"default","site-sidebar-style":"default","ast-global-header-display":"","ast-banner-title-visibility":"","ast-main-header-display":"","ast-hfb-above-header-display":"","ast-hfb-below-header-display":"","ast-hfb-mobile-header-display":"","site-post-title":"","ast-breadcrumbs-content":"","ast-featured-img":"","footer-sml-layout":"","theme-transparent-header-meta":"default","adv-header-id-meta":"","stick-header-meta":"","header-above-stick-meta":"","header-main-stick-meta":"","header-below-stick-meta":"","astra-migrate-meta-layouts":"set","ast-page-background-enabled":"default","ast-page-background-meta":{"desktop":{"background-color":"var(--ast-global-color-4)","background-image":"","background-repeat":"repeat","background-position":"center center","background-size":"auto","background-attachment":"scroll","background-type":"","background-media":"","overlay-type":"","overlay-color":"","overlay-gradient":""},"tablet":{"background-color":"","background-image":"","background-repeat":"repeat","background-position":"center center","background-size":"auto","background-attachment":"scroll","background-type":"","background-media":"","overlay-type":"","overlay-color":"","overlay-gradient":""},"mobile":{"background-color":"","background-image":"","background-repeat":"repeat","background-position":"center center","background-size":"auto","background-attachment":"scroll","background-type":"","background-media":"","overlay-type":"","overlay-color":"","overlay-gradient":""}},"ast-content-background-meta":{"desktop":{"background-color":"var(--ast-global-color-5)","background-image":"","background-repeat":"repeat","background-position":"center center","background-size":"auto","background-attachment":"scroll","background-type":"","background-media":"","overlay-type":"","overlay-color":"","overlay-gradient":""},"tablet":{"background-color":"var(--ast-global-color-5)","background-image":"","background-repeat":"repeat","background-position":"center center","background-size":"auto","background-attachment":"scroll","background-type":"","background-media":"","overlay-type":"","overlay-color":"","overlay-gradient":""},"mobile":{"background-color":"var(--ast-global-color-5)","background-image":"","background-repeat":"repeat","background-position":"center center","background-size":"auto","background-attachment":"scroll","background-type":"","background-media":"","overlay-type":"","overlay-color":"","overlay-gradient":""}}},"product_cat":[326,778,777,716],"product_tag":[781,782,780,783,784],"acf":[],"featured_image_urls":{"full":["https:\/\/www.syamhope.com\/wp-content\/uploads\/2024\/10\/10-la-vigilia-de-la-esperanza-syamhope-travel-postcard-morocco.webp",950,950,false],"thumbnail":["https:\/\/www.syamhope.com\/wp-content\/uploads\/2024\/10\/10-la-vigilia-de-la-esperanza-syamhope-travel-postcard-morocco-150x150.webp",150,150,true],"medium":["https:\/\/www.syamhope.com\/wp-content\/uploads\/2024\/10\/10-la-vigilia-de-la-esperanza-syamhope-travel-postcard-morocco-300x300.webp",300,300,true],"medium_large":["https:\/\/www.syamhope.com\/wp-content\/uploads\/2024\/10\/10-la-vigilia-de-la-esperanza-syamhope-travel-postcard-morocco-768x768.webp",768,768,true],"large":["https:\/\/www.syamhope.com\/wp-content\/uploads\/2024\/10\/10-la-vigilia-de-la-esperanza-syamhope-travel-postcard-morocco.webp",950,950,false],"1536x1536":["https:\/\/www.syamhope.com\/wp-content\/uploads\/2024\/10\/10-la-vigilia-de-la-esperanza-syamhope-travel-postcard-morocco.webp",950,950,false],"2048x2048":["https:\/\/www.syamhope.com\/wp-content\/uploads\/2024\/10\/10-la-vigilia-de-la-esperanza-syamhope-travel-postcard-morocco.webp",950,950,false],"trp-custom-language-flag":["https:\/\/www.syamhope.com\/wp-content\/uploads\/2024\/10\/10-la-vigilia-de-la-esperanza-syamhope-travel-postcard-morocco-12x12.webp",12,12,true],"ab-block-post-grid-landscape":["https:\/\/www.syamhope.com\/wp-content\/uploads\/2024\/10\/10-la-vigilia-de-la-esperanza-syamhope-travel-postcard-morocco-600x400.webp",600,400,true],"ab-block-post-grid-square":["https:\/\/www.syamhope.com\/wp-content\/uploads\/2024\/10\/10-la-vigilia-de-la-esperanza-syamhope-travel-postcard-morocco-600x600.webp",600,600,true],"woocommerce_thumbnail":["https:\/\/www.syamhope.com\/wp-content\/uploads\/2024\/10\/10-la-vigilia-de-la-esperanza-syamhope-travel-postcard-morocco-300x300.webp",300,300,true],"woocommerce_single":["https:\/\/www.syamhope.com\/wp-content\/uploads\/2024\/10\/10-la-vigilia-de-la-esperanza-syamhope-travel-postcard-morocco-600x600.webp",600,600,true],"woocommerce_gallery_thumbnail":["https:\/\/www.syamhope.com\/wp-content\/uploads\/2024\/10\/10-la-vigilia-de-la-esperanza-syamhope-travel-postcard-morocco-100x100.webp",100,100,true]},"post_excerpt_stackable":"<p>Ora puoi portare a casa la Collezione D&#8217;Arte &#8220;DEVENIR&#8221; Cos&#8217;\u00e8?? &#8220;Devenir&#8221; \u00e8 una collezione di illustrazioni e fotografie di viaggio che ho realizzato in Marocco, \u00e8 stata esposta in diverse mostre artistiche e ora ti aspetta! Come Funziona? Per te ho creato le Cartoline (Postcard) Edizione Limitata, con le opere del cuaderno di viaggio, ne esistono solo due copie ciascuna!<\/p>\n","category_list":"","author_info":{"name":"Sofia Cande","url":"https:\/\/www.syamhope.com\/it\/author\/ix_admin\/"},"comments_num":"0 commenti","featured_image_urls_v2":{"full":["https:\/\/www.syamhope.com\/wp-content\/uploads\/2024\/10\/10-la-vigilia-de-la-esperanza-syamhope-travel-postcard-morocco.webp",950,950,false],"thumbnail":["https:\/\/www.syamhope.com\/wp-content\/uploads\/2024\/10\/10-la-vigilia-de-la-esperanza-syamhope-travel-postcard-morocco-150x150.webp",150,150,true],"medium":["https:\/\/www.syamhope.com\/wp-content\/uploads\/2024\/10\/10-la-vigilia-de-la-esperanza-syamhope-travel-postcard-morocco-300x300.webp",300,300,true],"medium_large":["https:\/\/www.syamhope.com\/wp-content\/uploads\/2024\/10\/10-la-vigilia-de-la-esperanza-syamhope-travel-postcard-morocco-768x768.webp",768,768,true],"large":["https:\/\/www.syamhope.com\/wp-content\/uploads\/2024\/10\/10-la-vigilia-de-la-esperanza-syamhope-travel-postcard-morocco.webp",950,950,false],"1536x1536":["https:\/\/www.syamhope.com\/wp-content\/uploads\/2024\/10\/10-la-vigilia-de-la-esperanza-syamhope-travel-postcard-morocco.webp",950,950,false],"2048x2048":["https:\/\/www.syamhope.com\/wp-content\/uploads\/2024\/10\/10-la-vigilia-de-la-esperanza-syamhope-travel-postcard-morocco.webp",950,950,false],"trp-custom-language-flag":["https:\/\/www.syamhope.com\/wp-content\/uploads\/2024\/10\/10-la-vigilia-de-la-esperanza-syamhope-travel-postcard-morocco-12x12.webp",12,12,true],"ab-block-post-grid-landscape":["https:\/\/www.syamhope.com\/wp-content\/uploads\/2024\/10\/10-la-vigilia-de-la-esperanza-syamhope-travel-postcard-morocco-600x400.webp",600,400,true],"ab-block-post-grid-square":["https:\/\/www.syamhope.com\/wp-content\/uploads\/2024\/10\/10-la-vigilia-de-la-esperanza-syamhope-travel-postcard-morocco-600x600.webp",600,600,true],"woocommerce_thumbnail":["https:\/\/www.syamhope.com\/wp-content\/uploads\/2024\/10\/10-la-vigilia-de-la-esperanza-syamhope-travel-postcard-morocco-300x300.webp",300,300,true],"woocommerce_single":["https:\/\/www.syamhope.com\/wp-content\/uploads\/2024\/10\/10-la-vigilia-de-la-esperanza-syamhope-travel-postcard-morocco-600x600.webp",600,600,true],"woocommerce_gallery_thumbnail":["https:\/\/www.syamhope.com\/wp-content\/uploads\/2024\/10\/10-la-vigilia-de-la-esperanza-syamhope-travel-postcard-morocco-100x100.webp",100,100,true]},"post_excerpt_stackable_v2":"<p>Ora puoi portare a casa la Collezione D&#8217;Arte &#8220;DEVENIR&#8221; Cos&#8217;\u00e8?? &#8220;Devenir&#8221; \u00e8 una collezione di illustrazioni e fotografie di viaggio che ho realizzato in Marocco, \u00e8 stata esposta in diverse mostre artistiche e ora ti aspetta! Come Funziona? Per te ho creato le Cartoline (Postcard) Edizione Limitata, con le opere del cuaderno di viaggio, ne esistono solo due copie ciascuna!<\/p>\n","category_list_v2":"","author_info_v2":{"name":"Sofia Cande","url":"https:\/\/www.syamhope.com\/it\/author\/ix_admin\/"},"comments_num_v2":"0 commenti","featured_img":"https:\/\/www.syamhope.com\/wp-content\/uploads\/2024\/10\/10-la-vigilia-de-la-esperanza-syamhope-travel-postcard-morocco.webp","coauthors":[],"author_meta":{"author_link":"https:\/\/www.syamhope.com\/it\/author\/ix_admin\/","display_name":"Sofia Cande"},"relative_dates":{"created":"Pubblicato 1 anno fa","modified":"Aggiornato 1 anno fa"},"absolute_dates":{"created":"Pubblicato il 7 Ottobre 2024","modified":"Aggiornato il 7 Ottobre 2024"},"absolute_dates_time":{"created":"Pubblicato il 7 Ottobre 2024 22:27","modified":"Aggiornato il 7 Ottobre 2024 22:28"},"featured_img_caption":"","tax_additional":{"product_type":{"linked":["<a href=\"https:\/\/www.syamhope.com\/it\/?taxonomy=product_type&#038;term=simple\" class=\"advgb-post-tax-term\">simple<\/a>"],"unlinked":["<span class=\"advgb-post-tax-term\">simple<\/span>"],"slug":"product_type","name":"Tipo di prodotto"},"product_visibility":{"linked":[],"unlinked":[],"slug":"product_visibility","name":"Visibilit\u00e0 del prodotto"},"product_cat":{"linked":["<a href=\"https:\/\/www.syamhope.com\/it\/categoria-prodotto\/adotta-arte\/\" class=\"advgb-post-tax-term\">Adotta una Creazione d&#039;Arte<\/a>","<a href=\"https:\/\/www.syamhope.com\/it\/categoria-prodotto\/adotta-arte\/stampe-edizione-limitata\/on-the-road\/devenir-morocco\/\" class=\"advgb-post-tax-term\">Devenir - Morocco<\/a>","<a href=\"https:\/\/www.syamhope.com\/it\/categoria-prodotto\/adotta-arte\/stampe-edizione-limitata\/on-the-road\/\" class=\"advgb-post-tax-term\">On The Road<\/a>","<a href=\"https:\/\/www.syamhope.com\/it\/categoria-prodotto\/adotta-arte\/opere-originali\/\" class=\"advgb-post-tax-term\">Opere Originali<\/a>"],"unlinked":["<span class=\"advgb-post-tax-term\">Adotta una Creazione d&#039;Arte<\/span>","<span class=\"advgb-post-tax-term\">Devenir - Morocco<\/span>","<span class=\"advgb-post-tax-term\">On The Road<\/span>","<span class=\"advgb-post-tax-term\">Opere Originali<\/span>"],"slug":"product_cat","name":"Categorie prodotto"},"product_tag":{"linked":["<a href=\"https:\/\/www.syamhope.com\/it\/tag-prodotto\/art-on-the-road\/\" class=\"advgb-post-tax-term\">art on the road<\/a>","<a href=\"https:\/\/www.syamhope.com\/it\/tag-prodotto\/morocco\/\" class=\"advgb-post-tax-term\">morocco<\/a>","<a href=\"https:\/\/www.syamhope.com\/it\/tag-prodotto\/postcard-art\/\" class=\"advgb-post-tax-term\">postcard art<\/a>","<a href=\"https:\/\/www.syamhope.com\/it\/tag-prodotto\/travel-illustration\/\" class=\"advgb-post-tax-term\">travel illustration<\/a>","<a href=\"https:\/\/www.syamhope.com\/it\/tag-prodotto\/travel-pohotgraphy\/\" class=\"advgb-post-tax-term\">travel pohotgraphy<\/a>"],"unlinked":["<span class=\"advgb-post-tax-term\">art on the road<\/span>","<span class=\"advgb-post-tax-term\">morocco<\/span>","<span class=\"advgb-post-tax-term\">postcard art<\/span>","<span class=\"advgb-post-tax-term\">travel illustration<\/span>","<span class=\"advgb-post-tax-term\">travel pohotgraphy<\/span>"],"slug":"product_tag","name":"Tag prodotto"},"product_shipping_class":{"linked":[],"unlinked":[],"slug":"product_shipping_class","name":"Classi di spedizione prodotto"},"fb_product_set":{"linked":[],"unlinked":[],"slug":"fb_product_set","name":"Facebook Product Sets"}},"series_order":"","_links":{"self":[{"href":"https:\/\/www.syamhope.com\/it\/wp-json\/wp\/v2\/product\/6406"}],"collection":[{"href":"https:\/\/www.syamhope.com\/it\/wp-json\/wp\/v2\/product"}],"about":[{"href":"https:\/\/www.syamhope.com\/it\/wp-json\/wp\/v2\/types\/product"}],"replies":[{"embeddable":true,"href":"https:\/\/www.syamhope.com\/it\/wp-json\/wp\/v2\/comments?post=6406"}],"wp:featuredmedia":[{"embeddable":true,"href":"https:\/\/www.syamhope.com\/it\/wp-json\/wp\/v2\/media\/6407"}],"wp:attachment":[{"href":"https:\/\/www.syamhope.com\/it\/wp-json\/wp\/v2\/media?parent=6406"}],"wp:term":[{"taxonomy":"product_cat","embeddable":true,"href":"https:\/\/www.syamhope.com\/it\/wp-json\/wp\/v2\/product_cat?post=6406"},{"taxonomy":"product_tag","embeddable":true,"href":"https:\/\/www.syamhope.com\/it\/wp-json\/wp\/v2\/product_tag?post=6406"}],"curies":[{"name":"wp","href":"https:\/\/api.w.org\/{rel}","templated":true}]}}